    {"id":2672,"date":"2024-10-18T15:34:14","date_gmt":"2024-10-18T12:34:14","guid":{"rendered":"https:\/\/kombatalent.com\/fields\/"},"modified":"2025-07-22T16:21:44","modified_gmt":"2025-07-22T13:21:44","slug":"fields","status":"publish","type":"page","link":"https:\/\/kombatalent.com\/de\/fields\/","title":{"rendered":"Fields"},"content":{"rendered":"<div class=\"wpb-content-wrapper\"><p>[vc_row full_width=&#8220;stretch_row&#8220; el_class=&#8220;fieldrow&#8220;][vc_column]\r\n    <div class=\"heromain\">\r\n               \r\n              \r\n               <div class=\"container customercont\">\r\n                   <h2 class=\"section-title-48 max598auto text-center\">Kategorien<\/h2>\r\n                   <p>Unser Unternehmen bietet unvergleichliche Dienstleistungen an, einschlie\u00dflich, aber nicht beschr\u00e4nkt auf die unten aufgef\u00fchrten Kategorien.<\/p>\r\n                   <div class=\"customerrow\">\r\n                       <div class=\"owl-carousel owl-theme customerowl\"><div class=\"item\">\r\n                               <div class=\"fieldbox\">\r\n                               <h3>ESG und Nachhaltigkeit<\/h3>\r\n                              <p><p>Umweltmanagement<br data-start=\"16\" data-end=\"19\" \/>Nachhaltigkeitsmanagement<br data-start=\"44\" data-end=\"47\" \/>Klimawandel<br data-start=\"58\" data-end=\"61\" \/>Saubere Energie<\/p>\n<\/p>\r\n                               <a class=\"fiellink\" href=\"https:\/\/kombatalent.com\/de\/fields\/esg-und-nachhaltigkeit\/\">Mehr anzeigen <img decoding=\"async\" src=\"https:\/\/kombatalent.com\/wp-content\/themes\/kombatalent\/assets\/images\/arrow.svg\"><\/a>\r\n                               <\/div>\r\n                           <\/div><div class=\"item\">\r\n                               <div class=\"fieldbox\">\r\n                               <h3>Corporate Governance &amp; Risikomanagement<\/h3>\r\n                              <p><p>Compliance-Bewertung<br data-start=\"20\" data-end=\"23\" \/>Ethik<br data-start=\"28\" data-end=\"31\" \/>Investor Relations<br data-start=\"49\" data-end=\"52\" \/>Governance-Daten<\/p>\n<\/p>\r\n                               <a class=\"fiellink\" href=\"https:\/\/kombatalent.com\/de\/fields\/corporate-governance-risiko\/\">Mehr anzeigen <img decoding=\"async\" src=\"https:\/\/kombatalent.com\/wp-content\/themes\/kombatalent\/assets\/images\/arrow.svg\"><\/a>\r\n                               <\/div>\r\n                           <\/div><div class=\"item\">\r\n                               <div class=\"fieldbox\">\r\n                               <h3>Personalwesen &amp; Verg\u00fctungsstrategien auf F\u00fchrungsebene<\/h3>\r\n                              <p><p>Recruiting &amp; Talentakquise<br \/>\nLohn- und Gehaltsabrechnung<br \/>\nHR-Reporting<\/p>\n<\/p>\r\n                               <a class=\"fiellink\" href=\"https:\/\/kombatalent.com\/de\/fields\/personalwesen-verguetungsstrategien-auf-fuehrungsebene\/\">Mehr anzeigen <img decoding=\"async\" src=\"https:\/\/kombatalent.com\/wp-content\/themes\/kombatalent\/assets\/images\/arrow.svg\"><\/a>\r\n                               <\/div>\r\n                           <\/div><div class=\"item\">\r\n                               <div class=\"fieldbox\">\r\n                               <h3>Informationstechnologie<\/h3>\r\n                              <p><p>Softwareentwickler<br \/>\nIT-Management<br \/>\nNetzwerkadministration<br \/>\nSystemtechnik<br \/>\nCybersecurity-Analyse<\/p>\n<\/p>\r\n                               <a class=\"fiellink\" href=\"https:\/\/kombatalent.com\/de\/fields\/informationstechnologie\/\">Mehr anzeigen <img decoding=\"async\" src=\"https:\/\/kombatalent.com\/wp-content\/themes\/kombatalent\/assets\/images\/arrow.svg\"><\/a>\r\n                               <\/div>\r\n                           <\/div><div class=\"item\">\r\n                               <div class=\"fieldbox\">\r\n                               <h3>Finanzdienstleistungen<\/h3>\r\n                              <p><p>Finanzanalyse<br \/>\nKreditanalyse<br \/>\nFinanzberatung<br \/>\nPortfoliomanagement<br \/>\nRisikomanagement<\/p>\n<\/p>\r\n                               <a class=\"fiellink\" href=\"https:\/\/kombatalent.com\/de\/fields\/finanzdienstleistungen\/\">Mehr anzeigen <img decoding=\"async\" src=\"https:\/\/kombatalent.com\/wp-content\/themes\/kombatalent\/assets\/images\/arrow.svg\"><\/a>\r\n                               <\/div>\r\n                           <\/div><div class=\"item\">\r\n                               <div class=\"fieldbox\">\r\n                               <h3>Verwaltung &amp; Datenverarbeitung<\/h3>\r\n                              <p><p>Administrative Unterst\u00fctzung<br \/>\nDateneingabe<br \/>\nDatenanalyse<\/p>\n<\/p>\r\n                               <a class=\"fiellink\" href=\"https:\/\/kombatalent.com\/de\/fields\/verwaltung-datenverarbeitung\/\">Mehr anzeigen <img decoding=\"async\" src=\"https:\/\/kombatalent.com\/wp-content\/themes\/kombatalent\/assets\/images\/arrow.svg\"><\/a>\r\n                               <\/div>\r\n                           <\/div><div class=\"item\">\r\n                               <div class=\"fieldbox\">\r\n                               <h3>Kreativ &amp; Marketing<\/h3>\r\n                              <p><p>Grafikdesign<br \/>\nTexterstellung<br \/>\nMarketingmanagement<br \/>\nMarkenmanagement<br \/>\nSocial-Media-Management<\/p>\n<\/p>\r\n                               <a class=\"fiellink\" href=\"https:\/\/kombatalent.com\/de\/fields\/kreativ-marketing\/\">Mehr anzeigen <img decoding=\"async\" src=\"https:\/\/kombatalent.com\/wp-content\/themes\/kombatalent\/assets\/images\/arrow.svg\"><\/a>\r\n                               <\/div>\r\n                           <\/div><div class=\"item\">\r\n                               <div class=\"fieldbox\">\r\n                               <h3>Kontaktzentrum<\/h3>\r\n                              <p><p>Kundenservice<br \/>\nTechnischer Support<br \/>\nKundenerlebnis (CX)<br \/>\nVertrieb<br \/>\nBetriebsanalyse<\/p>\n<\/p>\r\n                               <a class=\"fiellink\" href=\"https:\/\/kombatalent.com\/de\/fields\/kontaktzentrum\/\">Mehr anzeigen <img decoding=\"async\" src=\"https:\/\/kombatalent.com\/wp-content\/themes\/kombatalent\/assets\/images\/arrow.svg\"><\/a>\r\n                               <\/div>\r\n                           <\/div><div class=\"item\">\r\n                               <div class=\"fieldbox\">\r\n                               <h3>Bildungswesen<\/h3>\r\n                              <p><p>Fr\u00fchkindliche Bildung<br \/>\nKinderg\u00e4rtner*in<br \/>\nSonderp\u00e4dagogik<br \/>\nCurriculumentwicklung<br \/>\nAkademische Beratung<\/p>\n<\/p>\r\n                               <a class=\"fiellink\" href=\"https:\/\/kombatalent.com\/de\/fields\/bildungswesen\/\">Mehr anzeigen <img decoding=\"async\" src=\"https:\/\/kombatalent.com\/wp-content\/themes\/kombatalent\/assets\/images\/arrow.svg\"><\/a>\r\n                               <\/div>\r\n                           <\/div><div class=\"item\">\r\n                               <div class=\"fieldbox\">\r\n                               <h3>Gesundheits- &amp; Pflegeleistungen<\/h3>\r\n                              <p><p>Krankenpfleger\/in<br \/>\nFachkraft f\u00fcr Altenpflege<br \/>\nMedizinische\/r Fachangestellte\/r<br \/>\nSozialarbeiter\/in<\/p>\n<\/p>\r\n                               <a class=\"fiellink\" href=\"https:\/\/kombatalent.com\/de\/fields\/gesundheits-pflegeleistungen\/\">Mehr anzeigen <img decoding=\"async\" src=\"https:\/\/kombatalent.com\/wp-content\/themes\/kombatalent\/assets\/images\/arrow.svg\"><\/a>\r\n                               <\/div>\r\n                           <\/div><div class=\"item\">\r\n                               <div class=\"fieldbox\">\r\n                               <h3>Gastronomie &amp; Hotellerie<\/h3>\r\n                              <p><p>Chef<br data-start=\"52\" data-end=\"55\" \/>Reservierungen<br data-start=\"69\" data-end=\"72\" \/>Hotelrezeptionist\/in<br data-start=\"92\" data-end=\"95\" \/>Housekeeping<br data-start=\"107\" data-end=\"110\" \/>Servicekraft\/Kellner\/in<\/p>\n<\/p>\r\n                               <a class=\"fiellink\" href=\"https:\/\/kombatalent.com\/de\/fields\/gastronomie-hotellerie\/\">Mehr anzeigen <img decoding=\"async\" src=\"https:\/\/kombatalent.com\/wp-content\/themes\/kombatalent\/assets\/images\/arrow.svg\"><\/a>\r\n                               <\/div>\r\n                           <\/div>\r\n                        \r\n                       <\/div>\r\n                   <\/div>\r\n\r\n               <\/div>\r\n           <\/div>\r\n    \r\n   [\/vc_column][\/vc_row]<\/p>\n<\/div>","protected":false},"excerpt":{"rendered":"<p>[vc_row full_width=&#8220;stretch_row&#8220; el_class=&#8220;fieldrow&#8220;][vc_column][\/vc_column][\/vc_row]<\/p>\n","protected":false},"author":3,"featured_media":0,"parent":0,"menu_order":0,"comment_status":"closed","ping_status":"closed","template":"","meta":{"content-type":"","footnotes":""},"class_list":["post-2672","page","type-page","status-publish","hentry"],"yoast_head":"<!-- This site is optimized with the Yoast SEO plugin v26.4 - https:\/\/yoast.com\/wordpress\/plugins\/seo\/ -->\n<title>Fields - K-TALENT: Holistic Remote Working Solutions<\/title>\n<meta name=\"robots\" content=\"index, follow, max-snippet:-1, max-image-preview:large, max-video-preview:-1\" \/>\n<link rel=\"canonical\" href=\"https:\/\/kombatalent.com\/de\/fields\/\" \/>\n<meta property=\"og:locale\" content=\"de_DE\" \/>\n<meta property=\"og:type\" content=\"article\" \/>\n<meta property=\"og:title\" content=\"Fields - K-TALENT: Holistic Remote Working Solutions\" \/>\n<meta property=\"og:description\" content=\"[vc_row full_width=&#8220;stretch_row&#8220; el_class=&#8220;fieldrow&#8220;][vc_column][\/vc_column][\/vc_row]\" \/>\n<meta property=\"og:url\" content=\"https:\/\/kombatalent.com\/de\/fields\/\" \/>\n<meta property=\"og:site_name\" content=\"K-TALENT: Holistic Remote Working Solutions\" \/>\n<meta property=\"article:modified_time\" content=\"2025-07-22T13:21:44+00:00\" \/>\n<meta name=\"twitter:card\" content=\"summary_large_image\" \/>\n<meta name=\"twitter:label1\" content=\"Gesch\u00e4tzte Lesezeit\" \/>\n\t<meta name=\"twitter:data1\" content=\"1\u00a0Minute\" \/>\n<script type=\"application\/ld+json\" class=\"yoast-schema-graph\">{\"@context\":\"https:\/\/schema.org\",\"@graph\":[{\"@type\":\"WebPage\",\"@id\":\"https:\/\/kombatalent.com\/de\/fields\/\",\"url\":\"https:\/\/kombatalent.com\/de\/fields\/\",\"name\":\"Fields - K-TALENT: Holistic Remote Working Solutions\",\"isPartOf\":{\"@id\":\"https:\/\/kombatalent.com\/#website\"},\"datePublished\":\"2024-10-18T12:34:14+00:00\",\"dateModified\":\"2025-07-22T13:21:44+00:00\",\"breadcrumb\":{\"@id\":\"https:\/\/kombatalent.com\/de\/fields\/#breadcrumb\"},\"inLanguage\":\"de\",\"potentialAction\":[{\"@type\":\"ReadAction\",\"target\":[\"https:\/\/kombatalent.com\/de\/fields\/\"]}]},{\"@type\":\"BreadcrumbList\",\"@id\":\"https:\/\/kombatalent.com\/de\/fields\/#breadcrumb\",\"itemListElement\":[{\"@type\":\"ListItem\",\"position\":1,\"name\":\"Home\",\"item\":\"https:\/\/kombatalent.com\/de\/\"},{\"@type\":\"ListItem\",\"position\":2,\"name\":\"Fields\"}]},{\"@type\":\"WebSite\",\"@id\":\"https:\/\/kombatalent.com\/#website\",\"url\":\"https:\/\/kombatalent.com\/\",\"name\":\"K-TALENT: Holistic Remote Working Solutions\",\"description\":\"\",\"potentialAction\":[{\"@type\":\"SearchAction\",\"target\":{\"@type\":\"EntryPoint\",\"urlTemplate\":\"https:\/\/kombatalent.com\/?s={search_term_string}\"},\"query-input\":{\"@type\":\"PropertyValueSpecification\",\"valueRequired\":true,\"valueName\":\"search_term_string\"}}],\"inLanguage\":\"de\"}]}<\/script>\n<!-- \/ Yoast SEO plugin. -->","yoast_head_json":{"title":"Fields - K-TALENT: Holistic Remote Working Solutions","robots":{"index":"index","follow":"follow","max-snippet":"max-snippet:-1","max-image-preview":"max-image-preview:large","max-video-preview":"max-video-preview:-1"},"canonical":"https:\/\/kombatalent.com\/de\/fields\/","og_locale":"de_DE","og_type":"article","og_title":"Fields - K-TALENT: Holistic Remote Working Solutions","og_description":"[vc_row full_width=&#8220;stretch_row&#8220; el_class=&#8220;fieldrow&#8220;][vc_column][\/vc_column][\/vc_row]","og_url":"https:\/\/kombatalent.com\/de\/fields\/","og_site_name":"K-TALENT: Holistic Remote Working Solutions","article_modified_time":"2025-07-22T13:21:44+00:00","twitter_card":"summary_large_image","twitter_misc":{"Gesch\u00e4tzte Lesezeit":"1\u00a0Minute"},"schema":{"@context":"https:\/\/schema.org","@graph":[{"@type":"WebPage","@id":"https:\/\/kombatalent.com\/de\/fields\/","url":"https:\/\/kombatalent.com\/de\/fields\/","name":"Fields - K-TALENT: Holistic Remote Working Solutions","isPartOf":{"@id":"https:\/\/kombatalent.com\/#website"},"datePublished":"2024-10-18T12:34:14+00:00","dateModified":"2025-07-22T13:21:44+00:00","breadcrumb":{"@id":"https:\/\/kombatalent.com\/de\/fields\/#breadcrumb"},"inLanguage":"de","potentialAction":[{"@type":"ReadAction","target":["https:\/\/kombatalent.com\/de\/fields\/"]}]},{"@type":"BreadcrumbList","@id":"https:\/\/kombatalent.com\/de\/fields\/#breadcrumb","itemListElement":[{"@type":"ListItem","position":1,"name":"Home","item":"https:\/\/kombatalent.com\/de\/"},{"@type":"ListItem","position":2,"name":"Fields"}]},{"@type":"WebSite","@id":"https:\/\/kombatalent.com\/#website","url":"https:\/\/kombatalent.com\/","name":"K-TALENT: Holistic Remote Working Solutions","description":"","potentialAction":[{"@type":"SearchAction","target":{"@type":"EntryPoint","urlTemplate":"https:\/\/kombatalent.com\/?s={search_term_string}"},"query-input":{"@type":"PropertyValueSpecification","valueRequired":true,"valueName":"search_term_string"}}],"inLanguage":"de"}]}},"_links":{"self":[{"href":"https:\/\/kombatalent.com\/de\/wp-json\/wp\/v2\/pages\/2672","targetHints":{"allow":["GET"]}}],"collection":[{"href":"https:\/\/kombatalent.com\/de\/wp-json\/wp\/v2\/pages"}],"about":[{"href":"https:\/\/kombatalent.com\/de\/wp-json\/wp\/v2\/types\/page"}],"author":[{"embeddable":true,"href":"https:\/\/kombatalent.com\/de\/wp-json\/wp\/v2\/users\/3"}],"replies":[{"embeddable":true,"href":"https:\/\/kombatalent.com\/de\/wp-json\/wp\/v2\/comments?post=2672"}],"version-history":[{"count":3,"href":"https:\/\/kombatalent.com\/de\/wp-json\/wp\/v2\/pages\/2672\/revisions"}],"predecessor-version":[{"id":3311,"href":"https:\/\/kombatalent.com\/de\/wp-json\/wp\/v2\/pages\/2672\/revisions\/3311"}],"wp:attachment":[{"href":"https:\/\/kombatalent.com\/de\/wp-json\/wp\/v2\/media?parent=2672"}],"curies":[{"name":"wp","href":"https:\/\/api.w.org\/{rel}","templated":true}]}}