    {"id":2697,"date":"2025-12-02T18:17:18","date_gmt":"2025-12-02T15:17:18","guid":{"rendered":"https:\/\/kombatalent.com\/our-approach\/"},"modified":"2026-03-18T16:39:17","modified_gmt":"2026-03-18T13:39:17","slug":"unser-geschaeftsmodell","status":"publish","type":"page","link":"https:\/\/kombatalent.com\/de\/unser-geschaeftsmodell\/","title":{"rendered":"Unser Gesch\u00e4ftsmodell"},"content":{"rendered":"<div class=\"wpb-content-wrapper\"><p>[vc_row][vc_column][vc_custom_heading text=&#8220;Unser Gesch\u00e4ftsmodell&#8220; font_container=&#8220;tag:div|text_align:left&#8220; use_theme_fonts=&#8220;yes&#8220; css=&#8220;&#8220; el_class=&#8220;servicetitlespan aboutspantop&#8220;][vc_custom_heading text=&#8220;Ma\u00dfgeschneiderte L\u00f6sungen mit geringem Risiko&#8220; font_container=&#8220;tag:h1|text_align:left&#8220; use_theme_fonts=&#8220;yes&#8220; css=&#8220;&#8220; el_class=&#8220;servicetitle&#8220;][\/vc_column][\/vc_row][vc_row][vc_column][vc_single_image image=&#8220;638&#8243; img_size=&#8220;full&#8220;][\/vc_column][\/vc_row][vc_row el_class=&#8220;abrasecwhite&#8220; css=&#8220;.vc_custom_1699214878133{margin-bottom: 100px !important;}&#8220;][vc_column width=&#8220;1\/3&#8243;][\/vc_column][vc_column width=&#8220;2\/3&#8243; el_class=&#8220;boxshad appad&#8220; css=&#8220;.vc_custom_1699214740900{background-color: #ffffff !important;}&#8220;][vc_custom_heading text=&#8220;Einstellungsmodelle&#8220; font_container=&#8220;tag:h1|font_size:32|text_align:left&#8220; use_theme_fonts=&#8220;yes&#8220; css=&#8220;&#8220; el_class=&#8220;apptitle&#8220;][vc_column_text css=&#8220;&#8220;]<\/p>\n<div style=\"line-height: 12px;\">\n<p style=\"margin-bottom: 15px;\">Wir bieten ma\u00dfgeschneiderte Gesch\u00e4ftsmodelle, um die Einstellungs- und Relocation-Bed\u00fcrfnisse Ihres Unternehmens optimal zu erf\u00fcllen:<\/p>\n<h5 style=\"margin-bottom: 5px; margin-top: 0px;\"><strong>1) Talentgewinnung + Remote-Work + <\/strong><strong>Umzugsunterst\u00fctzung<\/strong><\/h5>\n<p style=\"margin-bottom: 5px;\">Wir finden die passende Kandidatin oder den passenden Kandidaten und stellen einen f\u00fcnfmonatigen Outsourcing-Remote-Work-Vertrag mit umfassender Unterst\u00fctzung aus. Sie beurteilen die Leistung und k\u00f6nnen Ihre Mitarbeiterin oder Ihren Mitarbeiter bei Zufriedenheit nach Deutschland umziehen, wobei wir Sie beim Fast-Track-Visumverfahren unterst\u00fctzen.<\/p>\n<p style=\"margin-bottom: 25px;\"><em><strong>Ergebnis:<\/strong> Eine erprobte, risikominimierte und gut integrierte Fachkraft, deren Leistung Sie bereits kennen und einsch\u00e4tzen k\u00f6nnen.<\/em><\/p>\n<h5 style=\"margin-bottom: 5px; margin-top: 0px;\"><strong>2) Talentgewinnung + Remote-Work<\/strong><\/h5>\n<p style=\"margin-bottom: 5px;\">Wir finden die passende Kandidatin oder den passenden Kandidaten und stellen einen Outsourcing-Remote-Work-Vertrag aus (mit einer maximal f\u00fcnfmonatigen Probezeit) und voller Unterst\u00fctzung. Sie bewerten und entwickeln die Leistung Ihres Teammitglieds, das weiterhin remote und ausschlie\u00dflich f\u00fcr Sie arbeitet.<\/p>\n<p style=\"margin-bottom: 25px;\"><em><strong>Ergebnis:<\/strong> Ein flexibler, schneller und sicherer Recruiting-Prozess.<\/em><\/p>\n<h5 style=\"margin-bottom: 5px; margin-top: 0px;\"><strong>3) Talentgewinnung + <\/strong><strong>Umzugsunterst\u00fctzung<\/strong><\/h5>\n<p style=\"margin-bottom: 5px;\">Wir finden die passende Kandidatin oder den passenden Kandidaten und starten direkt mit dem Fast-Track-Visumverfahren. Dies erm\u00f6glicht einen reibungslosen \u00dcbergang nach Deutschland und minimiert Zeitverlust, da wir den gesamten Relocation-Prozess f\u00fcr Sie \u00fcbernehmen.<\/p>\n<p style=\"margin-bottom: 25px;\"><em><strong>Ergebnis:<\/strong> Eine geeignete Fachkraft, die bereit ist, vor Ort in Deutschland zu starten.<\/em><\/p>\n<h5 style=\"margin-bottom: 5px; margin-top: 0px;\"><strong>Sprach- und Kulturtraining<\/strong><\/h5>\n<p style=\"margin-bottom: 5px;\">Alle Modelle k\u00f6nnen optional Sprach- und Kulturtrainings f\u00fcr Ihre neu eingestellte Fachkraft beinhalten.<\/p>\n<\/div>\n<p>[\/vc_column_text][\/vc_column][\/vc_row][vc_row el_class=&#8220;abrasecwhite&#8220; css=&#8220;.vc_custom_1699214878133{margin-bottom: 100px !important;}&#8220;][vc_column width=&#8220;2\/3&#8243; el_class=&#8220;boxshad appad&#8220; css=&#8220;.vc_custom_1752301385053{background-color: #ffffff !important;}&#8220;][vc_custom_heading text=&#8220;Risikominimierte und vereinfachte Relocation&#8220; font_container=&#8220;tag:h1|font_size:35|text_align:left&#8220; use_theme_fonts=&#8220;yes&#8220; css=&#8220;&#8220; el_class=&#8220;apptitle&#8220;][vc_column_text css=&#8220;&#8220;]<\/p>\n<div class=\"grid-cols-1 grid gap-2.5 [&amp;_&gt;_*]:min-w-0 !gap-3.5\">\n<p data-start=\"50\" data-end=\"278\">Top-Talente erwarten Flexibilit\u00e4t \u2013 und Unternehmen, die dies nicht bieten k\u00f6nnen, geraten schnell ins Hintertreffen. Gleichzeitig f\u00fchrt unkontrollierte Flexibilit\u00e4t zu Compliance-Risiken, insbesondere \u00fcber L\u00e4ndergrenzen hinweg.<\/p>\n<p data-start=\"280\" data-end=\"676\">Komba Talent l\u00f6st dieses Problem, indem wir vollst\u00e4ndig konforme Remote- und Relocation-Modelle entwickeln, die genau auf Ihre Bed\u00fcrfnisse zugeschnitten sind. Wir finden die passenden Fachkr\u00e4fte in der T\u00fcrkei, richten rechtskonforme Remote-Work-Strukturen ein und bieten kontinuierliche rechtliche und operative Unterst\u00fctzung. So erhalten Sie flexible, leistungsstarke Teams bei minimalem Risiko.<\/p>\n<p data-start=\"678\" data-end=\"1031\">Wenn Sie mit der Leistung Ihres Remote-Mitarbeiters zufrieden sind, wird der \u00dcbergang zur T\u00e4tigkeit vor Ort in Deutschland nahtlos. Unsere Fast-Track-Relocation-Services verwandeln bew\u00e4hrte Remote-Fachkr\u00e4fte in integrierte Teammitglieder. Wir \u00fcbernehmen Visa, Arbeitserlaubnisse, kulturelle Orientierung und Sprachtraining f\u00fcr einen reibungslosen Start.<\/p>\n<p data-start=\"1033\" data-end=\"1311\" data-is-last-node=\"\" data-is-only-node=\"\">Mit tiefem Fachwissen in t\u00fcrkischen und deutschen Gesch\u00e4ftsstrukturen \u00fcberbr\u00fccken wir kulturelle Unterschiede und sichern Compliance in jedem Schritt \u2013 damit Sie sich auf Wachstum konzentrieren k\u00f6nnen, w\u00e4hrend wir die Komplexit\u00e4t internationaler Talentmobilit\u00e4t f\u00fcr Sie managen.<\/p>\n<\/div>\n<p>[\/vc_column_text][\/vc_column][vc_column width=&#8220;1\/3&#8243;][vc_single_image image=&#8220;4050&#8243; img_size=&#8220;full&#8220; alignment=&#8220;right&#8220; css=&#8220;&#8220;][\/vc_column][\/vc_row][vc_row][vc_column][vc_empty_space height=&#8220;70px&#8220;][\/vc_column][\/vc_row][vc_row el_class=&#8220;abrasecwhite&#8220; css=&#8220;.vc_custom_1699214878133{margin-bottom: 100px !important;}&#8220;][vc_column css=&#8220;.vc_custom_1752301450136{background-color: #FFFFFF !important;}&#8220; el_class=&#8220;boxshad appad&#8220;][vc_custom_heading text=&#8220;Steigerung der Produktivit\u00e4t durch nahtlose Zusammenarbeit&#8220; font_container=&#8220;tag:h1|font_size:35|text_align:left&#8220; use_theme_fonts=&#8220;yes&#8220; css=&#8220;&#8220; el_class=&#8220;apptitle&#8220;][vc_column_text css=&#8220;&#8220;]<\/p>\n<div class=\"grid-cols-1 grid gap-2.5 [&amp;_&gt;_*]:min-w-0 !gap-3.5\">\n<h5><strong>Umfassende und ma\u00dfgeschneiderte L\u00f6sungen<\/strong><\/h5>\n<p>Wir unterst\u00fctzen Sie beim Aufbau und Management starker, zukunftsorientierter Teams mit ma\u00dfgeschneiderten L\u00f6sungen in den Bereichen Talentgewinnung, B\u00fcroorganisation und Relocation. Von der Rekrutierung bis hin zur operativen Unterst\u00fctzung stellen wir sicher, dass Ihre Mitarbeitenden \u2013 egal wo sie arbeiten \u2013 verbunden, engagiert und produktiv bleiben.<\/p>\n<h5><strong>Garantierte Vertraulichkeit<\/strong><\/h5>\n<p>Der Schutz Ihrer sensiblen Daten hat f\u00fcr uns h\u00f6chste Priorit\u00e4t. Alle Vertr\u00e4ge enthalten strenge Geheimhaltungsvereinbarungen, und wir bieten Schulungen zu Datenschutz, Vertraulichkeit und Verhaltenskodizes an \u2013 zus\u00e4tzlich zu den compliancebezogenen Unterlagen Ihrer Organisation \u2013, um potenzielle Datenlecks zu verhindern.<\/p>\n<h5><strong>Volle Compliance<\/strong><\/h5>\n<p>Wir unterst\u00fctzen Unternehmen bei der Einhaltung der t\u00fcrkischen und deutschen Vorschriften zu Besch\u00e4ftigung, Lohnabrechnung, Remote Work und Relocation. Dank unserer Expertise navigieren wir sicher durch rechtliche Anforderungen und gew\u00e4hrleisten vollst\u00e4ndige Compliance.<\/p>\n<h5><strong>M\u00fchelose Logistik<\/strong><\/h5>\n<p>Wir vereinfachen Remote-Arbeitsplatzl\u00f6sungen und Relocation durch flexible Modelle wie Homeoffice, Serviced Offices, ma\u00dfgeschneiderte B\u00fcros, virtuelle B\u00fcros und umfassende Relocation-Unterst\u00fctzung.<\/p>\n<h5><strong>Interkultureller Hintergrund<\/strong><\/h5>\n<p>Die Betreuung und Relocation von Talenten erfordert kulturelle Sensibilit\u00e4t. Unser tiefes Verst\u00e4ndnis f\u00fcr die T\u00fcrkei und Deutschland \u00fcberbr\u00fcckt kulturelle Unterschiede, verbessert die Kommunikation und sorgt f\u00fcr reibungslose \u00dcberg\u00e4nge innerhalb Ihrer Teams.<\/p>\n<\/div>\n<p>[\/vc_column_text][\/vc_column][\/vc_row][vc_row disable_element=&#8220;yes&#8220; el_class=&#8220;abrasecwhite&#8220; css=&#8220;.vc_custom_1766009507047{margin-bottom: 100px !important;}&#8220;][vc_column width=&#8220;1\/3&#8243; css=&#8220;.vc_custom_1752301340007{background-color: #FFFFFF00 !important;}&#8220;][vc_single_image image=&#8220;3146&#8243; img_size=&#8220;full&#8220; css=&#8220;.vc_custom_1752828894114{margin-bottom: 70px !important;}&#8220;][\/vc_column][vc_column width=&#8220;2\/3&#8243; css=&#8220;.vc_custom_1752301450136{background-color: #FFFFFF !important;}&#8220; el_class=&#8220;boxshad appad&#8220;][vc_custom_heading text=&#8220;Steigerung der Produktivit\u00e4t durch nahtlose Zusammenarbeit&#8220; font_container=&#8220;tag:h1|font_size:35|text_align:left&#8220; use_theme_fonts=&#8220;yes&#8220; css=&#8220;&#8220; el_class=&#8220;apptitle&#8220;][vc_column_text css=&#8220;&#8220;]<\/p>\n<div class=\"grid-cols-1 grid gap-2.5 [&amp;_&gt;_*]:min-w-0 !gap-3.5\">\n<h5><strong>Umfassende und ma\u00dfgeschneiderte L\u00f6sungen<\/strong><\/h5>\n<p>Wir unterst\u00fctzen Sie beim Aufbau und Management starker, zukunftsorientierter Teams mit ma\u00dfgeschneiderten L\u00f6sungen in den Bereichen Talentgewinnung, B\u00fcroorganisation und Relocation. Von der Rekrutierung bis hin zur operativen Unterst\u00fctzung stellen wir sicher, dass Ihre Mitarbeitenden \u2013 egal wo sie arbeiten \u2013 verbunden, engagiert und produktiv bleiben.<\/p>\n<h5><strong>Garantierte Vertraulichkeit<\/strong><\/h5>\n<p>Der Schutz Ihrer sensiblen Daten hat f\u00fcr uns h\u00f6chste Priorit\u00e4t. Alle Vertr\u00e4ge enthalten strenge Geheimhaltungsvereinbarungen, und wir bieten Schulungen zu Datenschutz, Vertraulichkeit und Verhaltenskodizes an \u2013 zus\u00e4tzlich zu den compliancebezogenen Unterlagen Ihrer Organisation \u2013, um potenzielle Datenlecks zu verhindern.<\/p>\n<h5><strong>Volle Compliance<\/strong><\/h5>\n<p>Wir unterst\u00fctzen Unternehmen bei der Einhaltung der t\u00fcrkischen und deutschen Vorschriften zu Besch\u00e4ftigung, Lohnabrechnung, Remote Work und Relocation. Dank unserer Expertise navigieren wir sicher durch rechtliche Anforderungen und gew\u00e4hrleisten vollst\u00e4ndige Compliance.<\/p>\n<h5><strong>M\u00fchelose Logistik<\/strong><\/h5>\n<p>Wir vereinfachen Remote-Arbeitsplatzl\u00f6sungen und Relocation durch flexible Modelle wie Homeoffice, Serviced Offices, ma\u00dfgeschneiderte B\u00fcros, virtuelle B\u00fcros und umfassende Relocation-Unterst\u00fctzung.<\/p>\n<h5><strong>Interkultureller Hintergrund<\/strong><\/h5>\n<p>Die Betreuung und Relocation von Talenten erfordert kulturelle Sensibilit\u00e4t. Unser tiefes Verst\u00e4ndnis f\u00fcr die T\u00fcrkei und Deutschland \u00fcberbr\u00fcckt kulturelle Unterschiede, verbessert die Kommunikation und sorgt f\u00fcr reibungslose \u00dcberg\u00e4nge innerhalb Ihrer Teams.<\/p>\n<\/div>\n<p>[\/vc_column_text][\/vc_column][\/vc_row]<\/p>\n<\/div>","protected":false},"excerpt":{"rendered":"<p>[vc_row][vc_column][vc_custom_heading text=&#8220;Unser Gesch\u00e4ftsmodell&#8220; font_container=&#8220;tag:div|text_align:left&#8220; use_theme_fonts=&#8220;yes&#8220; css=&#8220;&#8220; el_class=&#8220;servicetitlespan aboutspantop&#8220;][vc_custom_heading text=&#8220;Ma\u00dfgeschneiderte L\u00f6sungen mit geringem Risiko&#8220; font_container=&#8220;tag:h1|text_align:left&#8220; use_theme_fonts=&#8220;yes&#8220; css=&#8220;&#8220; el_class=&#8220;servicetitle&#8220;][\/vc_column][\/vc_row][vc_row][vc_column][vc_single_image image=&#8220;638&#8243; img_size=&#8220;full&#8220;][\/vc_column][\/vc_row][vc_row el_class=&#8220;abrasecwhite&#8220; css=&#8220;.vc_custom_1699214878133{margin-bottom: 100px !important;}&#8220;][vc_column width=&#8220;1\/3&#8243;][\/vc_column][vc_column width=&#8220;2\/3&#8243; el_class=&#8220;boxshad appad&#8220; css=&#8220;.vc_custom_1699214740900{background-color: #ffffff !important;}&#8220;][vc_custom_heading text=&#8220;Einstellungsmodelle&#8220; font_container=&#8220;tag:h1|font_size:32|text_align:left&#8220; use_theme_fonts=&#8220;yes&#8220; css=&#8220;&#8220; el_class=&#8220;apptitle&#8220;][vc_column_text css=&#8220;&#8220;] Wir bieten ma\u00dfgeschneiderte Gesch\u00e4ftsmodelle, um die Einstellungs- und Relocation-Bed\u00fcrfnisse Ihres Unternehmens optimal zu erf\u00fcllen: 1) Talentgewinnung + Remote-Work + Umzugsunterst\u00fctzung Wir finden die passende Kandidatin oder den passenden Kandidaten und stellen einen f\u00fcnfmonatigen Outsourcing-Remote-Work-Vertrag mit umfassender Unterst\u00fctzung aus. Sie beurteilen die Leistung und k\u00f6nnen Ihre Mitarbeiterin oder Ihren Mitarbeiter bei Zufriedenheit nach Deutschland umziehen, wobei wir Sie beim Fast-Track-Visumverfahren unterst\u00fctzen. Ergebnis: Eine erprobte, risikominimierte [&hellip;]<\/p>\n","protected":false},"author":1,"featured_media":0,"parent":0,"menu_order":0,"comment_status":"closed","ping_status":"closed","template":"notitle.php","meta":{"content-type":"","footnotes":""},"class_list":["post-2697","page","type-page","status-publish","hentry"],"yoast_head":"<!-- This site is optimized with the Yoast SEO plugin v26.4 - https:\/\/yoast.com\/wordpress\/plugins\/seo\/ -->\n<title>Unser Gesch\u00e4ftsmodell - K-TALENT: Holistic Remote Working Solutions<\/title>\n<meta name=\"robots\" content=\"index, follow, max-snippet:-1, max-image-preview:large, max-video-preview:-1\" \/>\n<link rel=\"canonical\" href=\"https:\/\/kombatalent.com\/de\/unser-geschaeftsmodell\/\" \/>\n<meta property=\"og:locale\" content=\"de_DE\" \/>\n<meta property=\"og:type\" content=\"article\" \/>\n<meta property=\"og:title\" content=\"Unser Gesch\u00e4ftsmodell - K-TALENT: Holistic Remote Working Solutions\" \/>\n<meta property=\"og:description\" content=\"[vc_row][vc_column][vc_custom_heading text=&#8220;Unser Gesch\u00e4ftsmodell&#8220; font_container=&#8220;tag:div|text_align:left&#8220; use_theme_fonts=&#8220;yes&#8220; css=&#8220;&#8220; el_class=&#8220;servicetitlespan aboutspantop&#8220;][vc_custom_heading text=&#8220;Ma\u00dfgeschneiderte L\u00f6sungen mit geringem Risiko&#8220; font_container=&#8220;tag:h1|text_align:left&#8220; use_theme_fonts=&#8220;yes&#8220; css=&#8220;&#8220; el_class=&#8220;servicetitle&#8220;][\/vc_column][\/vc_row][vc_row][vc_column][vc_single_image image=&#8220;638&#8243; img_size=&#8220;full&#8220;][\/vc_column][\/vc_row][vc_row el_class=&#8220;abrasecwhite&#8220; css=&#8220;.vc_custom_1699214878133{margin-bottom: 100px !important;}&#8220;][vc_column width=&#8220;1\/3&#8243;][\/vc_column][vc_column width=&#8220;2\/3&#8243; el_class=&#8220;boxshad appad&#8220; css=&#8220;.vc_custom_1699214740900{background-color: #ffffff !important;}&#8220;][vc_custom_heading text=&#8220;Einstellungsmodelle&#8220; font_container=&#8220;tag:h1|font_size:32|text_align:left&#8220; use_theme_fonts=&#8220;yes&#8220; css=&#8220;&#8220; el_class=&#8220;apptitle&#8220;][vc_column_text css=&#8220;&#8220;] Wir bieten ma\u00dfgeschneiderte Gesch\u00e4ftsmodelle, um die Einstellungs- und Relocation-Bed\u00fcrfnisse Ihres Unternehmens optimal zu erf\u00fcllen: 1) Talentgewinnung + Remote-Work + Umzugsunterst\u00fctzung Wir finden die passende Kandidatin oder den passenden Kandidaten und stellen einen f\u00fcnfmonatigen Outsourcing-Remote-Work-Vertrag mit umfassender Unterst\u00fctzung aus. Sie beurteilen die Leistung und k\u00f6nnen Ihre Mitarbeiterin oder Ihren Mitarbeiter bei Zufriedenheit nach Deutschland umziehen, wobei wir Sie beim Fast-Track-Visumverfahren unterst\u00fctzen. Ergebnis: Eine erprobte, risikominimierte [&hellip;]\" \/>\n<meta property=\"og:url\" content=\"https:\/\/kombatalent.com\/de\/unser-geschaeftsmodell\/\" \/>\n<meta property=\"og:site_name\" content=\"K-TALENT: Holistic Remote Working Solutions\" \/>\n<meta property=\"article:modified_time\" content=\"2026-03-18T13:39:17+00:00\" \/>\n<meta name=\"twitter:card\" content=\"summary_large_image\" \/>\n<meta name=\"twitter:label1\" content=\"Gesch\u00e4tzte Lesezeit\" \/>\n\t<meta name=\"twitter:data1\" content=\"4\u00a0Minuten\" \/>\n<script type=\"application\/ld+json\" class=\"yoast-schema-graph\">{\"@context\":\"https:\/\/schema.org\",\"@graph\":[{\"@type\":\"WebPage\",\"@id\":\"https:\/\/kombatalent.com\/de\/unser-geschaeftsmodell\/\",\"url\":\"https:\/\/kombatalent.com\/de\/unser-geschaeftsmodell\/\",\"name\":\"Unser Gesch\u00e4ftsmodell - K-TALENT: Holistic Remote Working Solutions\",\"isPartOf\":{\"@id\":\"https:\/\/kombatalent.com\/#website\"},\"datePublished\":\"2025-12-02T15:17:18+00:00\",\"dateModified\":\"2026-03-18T13:39:17+00:00\",\"breadcrumb\":{\"@id\":\"https:\/\/kombatalent.com\/de\/unser-geschaeftsmodell\/#breadcrumb\"},\"inLanguage\":\"de\",\"potentialAction\":[{\"@type\":\"ReadAction\",\"target\":[\"https:\/\/kombatalent.com\/de\/unser-geschaeftsmodell\/\"]}]},{\"@type\":\"BreadcrumbList\",\"@id\":\"https:\/\/kombatalent.com\/de\/unser-geschaeftsmodell\/#breadcrumb\",\"itemListElement\":[{\"@type\":\"ListItem\",\"position\":1,\"name\":\"Home\",\"item\":\"https:\/\/kombatalent.com\/de\/\"},{\"@type\":\"ListItem\",\"position\":2,\"name\":\"Unser Gesch\u00e4ftsmodell\"}]},{\"@type\":\"WebSite\",\"@id\":\"https:\/\/kombatalent.com\/#website\",\"url\":\"https:\/\/kombatalent.com\/\",\"name\":\"K-TALENT: Holistic Remote Working Solutions\",\"description\":\"\",\"potentialAction\":[{\"@type\":\"SearchAction\",\"target\":{\"@type\":\"EntryPoint\",\"urlTemplate\":\"https:\/\/kombatalent.com\/?s={search_term_string}\"},\"query-input\":{\"@type\":\"PropertyValueSpecification\",\"valueRequired\":true,\"valueName\":\"search_term_string\"}}],\"inLanguage\":\"de\"}]}<\/script>\n<!-- \/ Yoast SEO plugin. -->","yoast_head_json":{"title":"Unser Gesch\u00e4ftsmodell - K-TALENT: Holistic Remote Working Solutions","robots":{"index":"index","follow":"follow","max-snippet":"max-snippet:-1","max-image-preview":"max-image-preview:large","max-video-preview":"max-video-preview:-1"},"canonical":"https:\/\/kombatalent.com\/de\/unser-geschaeftsmodell\/","og_locale":"de_DE","og_type":"article","og_title":"Unser Gesch\u00e4ftsmodell - K-TALENT: Holistic Remote Working Solutions","og_description":"[vc_row][vc_column][vc_custom_heading text=&#8220;Unser Gesch\u00e4ftsmodell&#8220; font_container=&#8220;tag:div|text_align:left&#8220; use_theme_fonts=&#8220;yes&#8220; css=&#8220;&#8220; el_class=&#8220;servicetitlespan aboutspantop&#8220;][vc_custom_heading text=&#8220;Ma\u00dfgeschneiderte L\u00f6sungen mit geringem Risiko&#8220; font_container=&#8220;tag:h1|text_align:left&#8220; use_theme_fonts=&#8220;yes&#8220; css=&#8220;&#8220; el_class=&#8220;servicetitle&#8220;][\/vc_column][\/vc_row][vc_row][vc_column][vc_single_image image=&#8220;638&#8243; img_size=&#8220;full&#8220;][\/vc_column][\/vc_row][vc_row el_class=&#8220;abrasecwhite&#8220; css=&#8220;.vc_custom_1699214878133{margin-bottom: 100px !important;}&#8220;][vc_column width=&#8220;1\/3&#8243;][\/vc_column][vc_column width=&#8220;2\/3&#8243; el_class=&#8220;boxshad appad&#8220; css=&#8220;.vc_custom_1699214740900{background-color: #ffffff !important;}&#8220;][vc_custom_heading text=&#8220;Einstellungsmodelle&#8220; font_container=&#8220;tag:h1|font_size:32|text_align:left&#8220; use_theme_fonts=&#8220;yes&#8220; css=&#8220;&#8220; el_class=&#8220;apptitle&#8220;][vc_column_text css=&#8220;&#8220;] Wir bieten ma\u00dfgeschneiderte Gesch\u00e4ftsmodelle, um die Einstellungs- und Relocation-Bed\u00fcrfnisse Ihres Unternehmens optimal zu erf\u00fcllen: 1) Talentgewinnung + Remote-Work + Umzugsunterst\u00fctzung Wir finden die passende Kandidatin oder den passenden Kandidaten und stellen einen f\u00fcnfmonatigen Outsourcing-Remote-Work-Vertrag mit umfassender Unterst\u00fctzung aus. Sie beurteilen die Leistung und k\u00f6nnen Ihre Mitarbeiterin oder Ihren Mitarbeiter bei Zufriedenheit nach Deutschland umziehen, wobei wir Sie beim Fast-Track-Visumverfahren unterst\u00fctzen. Ergebnis: Eine erprobte, risikominimierte [&hellip;]","og_url":"https:\/\/kombatalent.com\/de\/unser-geschaeftsmodell\/","og_site_name":"K-TALENT: Holistic Remote Working Solutions","article_modified_time":"2026-03-18T13:39:17+00:00","twitter_card":"summary_large_image","twitter_misc":{"Gesch\u00e4tzte Lesezeit":"4\u00a0Minuten"},"schema":{"@context":"https:\/\/schema.org","@graph":[{"@type":"WebPage","@id":"https:\/\/kombatalent.com\/de\/unser-geschaeftsmodell\/","url":"https:\/\/kombatalent.com\/de\/unser-geschaeftsmodell\/","name":"Unser Gesch\u00e4ftsmodell - K-TALENT: Holistic Remote Working Solutions","isPartOf":{"@id":"https:\/\/kombatalent.com\/#website"},"datePublished":"2025-12-02T15:17:18+00:00","dateModified":"2026-03-18T13:39:17+00:00","breadcrumb":{"@id":"https:\/\/kombatalent.com\/de\/unser-geschaeftsmodell\/#breadcrumb"},"inLanguage":"de","potentialAction":[{"@type":"ReadAction","target":["https:\/\/kombatalent.com\/de\/unser-geschaeftsmodell\/"]}]},{"@type":"BreadcrumbList","@id":"https:\/\/kombatalent.com\/de\/unser-geschaeftsmodell\/#breadcrumb","itemListElement":[{"@type":"ListItem","position":1,"name":"Home","item":"https:\/\/kombatalent.com\/de\/"},{"@type":"ListItem","position":2,"name":"Unser Gesch\u00e4ftsmodell"}]},{"@type":"WebSite","@id":"https:\/\/kombatalent.com\/#website","url":"https:\/\/kombatalent.com\/","name":"K-TALENT: Holistic Remote Working Solutions","description":"","potentialAction":[{"@type":"SearchAction","target":{"@type":"EntryPoint","urlTemplate":"https:\/\/kombatalent.com\/?s={search_term_string}"},"query-input":{"@type":"PropertyValueSpecification","valueRequired":true,"valueName":"search_term_string"}}],"inLanguage":"de"}]}},"_links":{"self":[{"href":"https:\/\/kombatalent.com\/de\/wp-json\/wp\/v2\/pages\/2697","targetHints":{"allow":["GET"]}}],"collection":[{"href":"https:\/\/kombatalent.com\/de\/wp-json\/wp\/v2\/pages"}],"about":[{"href":"https:\/\/kombatalent.com\/de\/wp-json\/wp\/v2\/types\/page"}],"author":[{"embeddable":true,"href":"https:\/\/kombatalent.com\/de\/wp-json\/wp\/v2\/users\/1"}],"replies":[{"embeddable":true,"href":"https:\/\/kombatalent.com\/de\/wp-json\/wp\/v2\/comments?post=2697"}],"version-history":[{"count":27,"href":"https:\/\/kombatalent.com\/de\/wp-json\/wp\/v2\/pages\/2697\/revisions"}],"predecessor-version":[{"id":4107,"href":"https:\/\/kombatalent.com\/de\/wp-json\/wp\/v2\/pages\/2697\/revisions\/4107"}],"wp:attachment":[{"href":"https:\/\/kombatalent.com\/de\/wp-json\/wp\/v2\/media?parent=2697"}],"curies":[{"name":"wp","href":"https:\/\/api.w.org\/{rel}","templated":true}]}}