    {"id":2698,"date":"2025-12-09T12:29:07","date_gmt":"2025-12-09T09:29:07","guid":{"rendered":"https:\/\/kombatalent.com\/about-us\/"},"modified":"2026-02-04T13:44:12","modified_gmt":"2026-02-04T10:44:12","slug":"ueber-uns","status":"publish","type":"page","link":"https:\/\/kombatalent.com\/de\/ueber-uns\/","title":{"rendered":"\u00dcber uns"},"content":{"rendered":"<div class=\"wpb-content-wrapper\"><p>[vc_row el_class=&#8220;abouthead&#8220;][vc_column width=&#8220;1\/2&#8243;][vc_custom_heading text=&#8220;\u00dcber uns&#8220; font_container=&#8220;tag:div|text_align:left&#8220; use_theme_fonts=&#8220;yes&#8220; css=&#8220;&#8220; el_class=&#8220;servicetitlespan aboutspantop&#8220;][vc_custom_heading text=&#8220;KOMBA: Globale Pr\u00e4senz und lokales Know-how&#8220; font_container=&#8220;tag:h1|text_align:left&#8220; use_theme_fonts=&#8220;yes&#8220; css=&#8220;&#8220; el_class=&#8220;servicetitle&#8220;][vc_column_text css=&#8220;&#8220;]KOMBA ist darauf spezialisiert, umfassende, wertsch\u00f6pfende L\u00f6sungen in den Bereichen Talentakquise, Talentmanagement, Setup, Remote-Arbeit und Relocation f\u00fcr sowohl Start-ups als auch gro\u00dfe Unternehmen bereitzustellen. Unsere Talent-, Setup- und Relocation-Services decken verschiedene Branchen ab. Wir minimieren Risiken, indem wir vor dem Relocation-Prozess eine Remote-Work-Phase anbieten, um sicherzustellen, dass das Talent wirklich zu Ihrem Unternehmen passt. Dank unserer Erfahrung im Bereich Deutschunterricht und unserer kulturellen Expertise ist die sprachliche und kulturelle Vorbereitung der Talente ein wesentlicher Bestandteil unseres Relocation-Services.[\/vc_column_text][\/vc_column][vc_column width=&#8220;1\/2&#8243;][\/vc_column][\/vc_row][vc_row full_width=&#8220;stretch_row_content_no_spaces&#8220; el_class=&#8220;abouthalfimage&#8220;][vc_column][vc_single_image image=&#8220;2313&#8243; img_size=&#8220;full&#8220; alignment=&#8220;right&#8220; css=&#8220;&#8220; el_class=&#8220;aboutrimg&#8220;][\/vc_column][\/vc_row][vc_row css=&#8220;.vc_custom_1699212713520{margin-top: 150px !important;margin-bottom: 100px !important;}&#8220;][vc_column width=&#8220;1\/3&#8243;][vc_custom_heading text=&#8220;Vision, Mission<br \/>\n&amp; Werte&#8220; font_container=&#8220;tag:h1|text_align:left&#8220; use_theme_fonts=&#8220;yes&#8220; css=&#8220;&#8220; el_class=&#8220;servicetitle&#8220;][\/vc_column][vc_column width=&#8220;2\/3&#8243;][vc_row_inner el_class=&#8220;abpleft&#8220;][vc_column_inner][vc_column_text css=&#8220;&#8220;]<\/p>\n<p data-start=\"0\" data-end=\"434\"><strong data-start=\"0\" data-end=\"18\">Unsere Vision: <\/strong>Ein verl\u00e4sslicher, moderner und zukunftsorientierter Gesch\u00e4ftspartner zu sein, der f\u00fcr herausragende Dienstleistungen im Bereich Remote Human Capital Management und Relocation bekannt ist.<\/p>\n<p data-start=\"436\" data-end=\"637\"><strong data-start=\"436\" data-end=\"455\">Unsere Mission:<\/strong>Unseren Kunden zu erm\u00f6glichen, die besten Kandidaten zu finden, indem wir hochwertige A-bis-Z-L\u00f6sungen in den Bereichen Remote-Arbeit und Relocation anbieten.<\/p>\n<p data-start=\"639\" data-end=\"706\" data-is-last-node=\"\" data-is-only-node=\"\"><strong data-start=\"639\" data-end=\"656\">Unsere Werte: <\/strong><\/p>\n<ul>\n<li data-start=\"639\" data-end=\"706\">Integrit\u00e4t<\/li>\n<li data-start=\"639\" data-end=\"706\">Qualit\u00e4t<\/li>\n<li data-start=\"639\" data-end=\"706\">Innovation<\/li>\n<li data-start=\"639\" data-end=\"706\">Verantwortung<\/li>\n<\/ul>\n<p>[\/vc_column_text][\/vc_column_inner][\/vc_row_inner][\/vc_column][\/vc_row][vc_row full_width=&#8220;stretch_row&#8220; content_placement=&#8220;middle&#8220; css=&#8220;.vc_custom_1699212828079{padding-top: 60px !important;padding-bottom: 60px !important;background-color: #f4a382 !important;}&#8220;][vc_column width=&#8220;1\/3&#8243;][vc_single_image image=&#8220;620&#8243; img_size=&#8220;full&#8220; css=&#8220;.vc_custom_1765893719566{margin-bottom: 0px !important;}&#8220;][\/vc_column][vc_column width=&#8220;2\/3&#8243;][vc_row_inner el_class=&#8220;abpleft&#8220; css=&#8220;.vc_custom_1765893665505{margin-top: 0px !important;}&#8220;][vc_column_inner][vc_custom_heading text=&#8220;Unsere Kultur&#8220; font_container=&#8220;tag:h2|text_align:left|color:%23ffffff&#8220; use_theme_fonts=&#8220;yes&#8220; css=&#8220;&#8220; el_class=&#8220;servicetitle&#8220;][vc_column_text css=&#8220;&#8220;]<\/p>\n<p data-start=\"0\" data-end=\"318\"><span style=\"color: #ffffff;\">Als Team glauben wir daran, Dinge auf die \u201eKomba-Art\u201c zu tun! Das bedeutet, Vielfalt h\u00f6chste Priorit\u00e4t einzur\u00e4umen, flexible Arbeitsmodelle und Chancengleichheit zu bieten, Kreativit\u00e4t zu f\u00f6rdern, Wissen zu teilen, gegenseitiges Vertrauen aufzubauen und die Einhaltung universeller ethischer Standards sicherzustellen.<\/span><\/p>\n<p data-start=\"320\" data-end=\"712\" data-is-last-node=\"\" data-is-only-node=\"\"><span style=\"color: #ffffff;\">Wir sind fest davon \u00fcberzeugt, dass gegenseitige R\u00fccksichtnahme und Zusammenarbeit entscheidend sind, um unsere gemeinsamen Ziele als Team und Unternehmen zu erreichen. Komba legt gro\u00dfen Wert auf flache Hierarchien \u2013 diese sowie unsere offene T\u00fcr-Politik machen unser Unternehmen agil und erm\u00f6glichen der Gesch\u00e4ftsf\u00fchrung, bessere Entscheidungen zu treffen und bessere Ergebnisse zu erzielen.<\/span><\/p>\n<p>[\/vc_column_text][\/vc_column_inner][\/vc_row_inner][\/vc_column][\/vc_row][vc_row disable_element=&#8220;yes&#8220; css=&#8220;.vc_custom_1770201850662{margin-left: 20px !important;}&#8220;][vc_column width=&#8220;2\/3&#8243;][vc_custom_heading text=&#8220;Unser Team&#8220; font_container=&#8220;tag:h1|text_align:left|color:%23000000&#8243; use_theme_fonts=&#8220;yes&#8220; css=&#8220;.vc_custom_1753181189566{border-bottom-width: 3px !important;border-bottom-style: solid !important;border-radius: 1px !important;border-color: #F4A382 !important;}&#8220; el_class=&#8220;servicetitle&#8220;][\/vc_column][\/vc_row][vc_row disable_element=&#8220;yes&#8220; css=&#8220;.vc_custom_1770201846084{margin-right: 20px !important;margin-bottom: -20px !important;margin-left: 20px !important;}&#8220;][vc_column width=&#8220;1\/3&#8243;][vc_single_image image=&#8220;3508&#8243; img_size=&#8220;full&#8220; css=&#8220;&#8220;][vc_custom_heading text=&#8220;Nuran Uysal Duman&#8220; font_container=&#8220;tag:h2|text_align:left|color:%23000000&#8243; use_theme_fonts=&#8220;yes&#8220; css=&#8220;&#8220;][vc_column_text css=&#8220;&#8220;]<em>Gesch\u00e4ftsf\u00fchrerin<\/em>[\/vc_column_text][vc_column_text css=&#8220;&#8220;]<\/p>\n<ul>\n<li style=\"margin-bottom: 10px; line-height: 1.2;\">Geboren in Bochum, Deutschland<\/li>\n<li style=\"margin-bottom: 10px; line-height: 1.2;\">Dreisprachig: Deutsch, Englisch und T\u00fcrkisch<\/li>\n<li style=\"margin-bottom: 10px; line-height: 1.2;\">Ege Universit\u00e4t, Amerikanische Kultur und Literatur, Bachelorabschluss<\/li>\n<li style=\"margin-bottom: 10px; line-height: 1.2;\">Universit\u00e4ten Hamburg &amp; Akdeniz, Europastudien, M.A.<\/li>\n<li style=\"margin-bottom: 10px; line-height: 1.2;\">15 Jahre Lehrerfahrung an Universit\u00e4ten<\/li>\n<\/ul>\n<p>[\/vc_column_text][\/vc_column][vc_column width=&#8220;1\/3&#8243;][vc_single_image image=&#8220;3521&#8243; img_size=&#8220;full&#8220; css=&#8220;&#8220;][vc_custom_heading text=&#8220;Nazl\u0131han Ada&#8220; font_container=&#8220;tag:h2|text_align:left|color:%23000000&#8243; use_theme_fonts=&#8220;yes&#8220; css=&#8220;&#8220;][vc_column_text css=&#8220;&#8220;]<em>Operations Specialist<\/em>[\/vc_column_text][vc_column_text css=&#8220;&#8220;]<\/p>\n<ul>\n<li style=\"margin-bottom: 10px; line-height: 1.2;\">Istanbul Universit\u00e4t, Englische Sprache und Literatur, Bachelorabschluss<\/li>\n<li style=\"margin-bottom: 10px; line-height: 1.2;\">Freiwillige im Bereich Soziale Verantwortung (TOG Stiftung, 2020\u20132022)<\/li>\n<\/ul>\n<p>[\/vc_column_text][\/vc_column][vc_column width=&#8220;1\/3&#8243;][vc_single_image image=&#8220;3916&#8243; img_size=&#8220;full&#8220; css=&#8220;&#8220;][vc_custom_heading text=&#8220;Sena Elif Y\u00f6nter&#8220; font_container=&#8220;tag:h2|text_align:left|color:%23000000&#8243; use_theme_fonts=&#8220;yes&#8220; css=&#8220;&#8220;][vc_column_text css=&#8220;&#8220;]Externe Rechtsberatung[\/vc_column_text][vc_column_text css=&#8220;&#8220;]<\/p>\n<ul>\n<li style=\"margin-bottom: 10px; line-height: 1.2;\">Sel\u00e7uk Universit\u00e4t, Rechtswissenschaften, Bachelor-Abschluss<\/li>\n<li style=\"margin-bottom: 10px; line-height: 1.2;\">Akdeniz Universit\u00e4t und Universit\u00e4t Hamburg, European Studies, M.A.<\/li>\n<li style=\"margin-bottom: 10px; line-height: 1.2;\">18 Jahre Berufserfahrung als Rechtsanw\u00e4ltin, einschlie\u00dflich Arbeitsrecht und Gesellschaftsrecht.<\/li>\n<li style=\"margin-bottom: 10px; line-height: 1.2;\">Englisch auf fortgeschrittenem Niveau und Deutsch auf Mittelstufe (untere Mittelstufe).<\/li>\n<\/ul>\n<p>[\/vc_column_text][\/vc_column][\/vc_row][vc_row css=&#8220;.vc_custom_1699213467285{margin-top: 80px !important;}&#8220;][vc_column][vc_single_image image=&#8220;628&#8243; img_size=&#8220;full&#8220; alignment=&#8220;right&#8220;][\/vc_column][\/vc_row][vc_row el_class=&#8220;absecwhite&#8220; css=&#8220;.vc_custom_1699213427626{margin-bottom: 100px !important;}&#8220;][vc_column width=&#8220;9\/12&#8243; css=&#8220;.vc_custom_1699213007322{background-color: #ffffff !important;}&#8220; el_class=&#8220;boxshad&#8220;][vc_custom_heading text=&#8220;Warum Komba?&#8220; font_container=&#8220;tag:h1|text_align:left&#8220; use_theme_fonts=&#8220;yes&#8220; css=&#8220;&#8220; el_class=&#8220;servicetitle&#8220;][vc_column_text css=&#8220;&#8220;]<\/p>\n<p data-start=\"77\" data-end=\"393\">Bei Komba sind wir \u00fcberzeugt, dass Humankapital nicht nur eine Ressource ist \u2013 es ist Ihr Wettbewerbsvorteil. Unser umfassender Ansatz f\u00fcr Talentgewinnung und risikominimierte Relocation erschlie\u00dft diesen Vorteil durch ganzheitliche Talentl\u00f6sungen, die auf langfristige Wirkung und minimiertes Risiko ausgelegt sind.<\/p>\n<p data-start=\"395\" data-end=\"1075\">Mit umfangreicher Erfahrung in den t\u00fcrkischen und deutschen Arbeitsm\u00e4rkten verf\u00fcgt unser Team \u00fcber ein tiefes Verst\u00e4ndnis der Rekrutierungsdynamiken, regulatorischen Anforderungen und Stellenprofile in beiden L\u00e4ndern.<br data-start=\"612\" data-end=\"615\" \/>Dank unserer fundierten akademischen Hintergr\u00fcnde und langj\u00e4hrigen Berufserfahrung in der T\u00fcrkei und in Deutschland bringen wir zudem ein ausgepr\u00e4gtes Verst\u00e4ndnis f\u00fcr Sprache, Kultur und Arbeitsumgebungen mit \u2013 Faktoren, die sich direkt auf die Integration und Leistung von Mitarbeitenden auswirken.<br data-start=\"914\" data-end=\"917\" \/>Diese Erfahrung erm\u00f6glicht es uns, Talentl\u00f6sungen zu entwickeln, die nicht nur rechtssicher und effizient, sondern auch kulturell passend und nachhaltig sind.<\/p>\n<p data-start=\"1077\" data-end=\"1627\">Was uns besonders auszeichnet, ist unser \u201eRemote-First\u201c-Modell. Es erm\u00f6glicht Ihnen, die Leistung der Talente zu bewerten, bevor eine Relocation-Entscheidung getroffen wird. Wenn ein Umzug der richtige Schritt ist, \u00fcbernehmen wir den gesamten Prozess \u2013 von rechtlichen Anforderungen und Visa-Verfahren bis hin zur kulturellen Integration und operativen Einarbeitung. Dieses Modell minimiert Relocation-Risiken und stellt sicher, dass das Talent wirklich zu Ihrem Unternehmen passt, bevor Sie Zeit und Ressourcen in den Relocation-Prozess investieren.<\/p>\n<p data-start=\"1629\" data-end=\"1811\">Unser Team vereint juristische, HR- und operative Expertise, um Ihnen beim Aufbau leistungsstarker und flexibler Teams zu helfen, die mit Ihren Unternehmenszielen im Einklang stehen.<\/p>\n<p data-start=\"1813\" data-end=\"1858\" data-is-last-node=\"\" data-is-only-node=\"\">Erfahren Sie mehr \u00fcber <a href=\"https:\/\/kombatalent.com\/de\/unser-geschaeftsmodell\/\">unser Gesch\u00e4ftsmodell.<\/a><\/p>\n<p>[\/vc_column_text][\/vc_column][vc_column width=&#8220;3\/12&#8243;][\/vc_column][\/vc_row]<\/p>\n<\/div>","protected":false},"excerpt":{"rendered":"<p>[vc_row el_class=&#8220;abouthead&#8220;][vc_column width=&#8220;1\/2&#8243;][vc_custom_heading text=&#8220;\u00dcber uns&#8220; font_container=&#8220;tag:div|text_align:left&#8220; use_theme_fonts=&#8220;yes&#8220; css=&#8220;&#8220; el_class=&#8220;servicetitlespan aboutspantop&#8220;][vc_custom_heading text=&#8220;KOMBA: Globale Pr\u00e4senz und lokales Know-how&#8220; font_container=&#8220;tag:h1|text_align:left&#8220; use_theme_fonts=&#8220;yes&#8220; css=&#8220;&#8220; el_class=&#8220;servicetitle&#8220;][vc_column_text css=&#8220;&#8220;]KOMBA ist darauf spezialisiert, umfassende, wertsch\u00f6pfende L\u00f6sungen in den Bereichen Talentakquise, Talentmanagement, Setup, Remote-Arbeit und Relocation f\u00fcr sowohl Start-ups als auch gro\u00dfe Unternehmen bereitzustellen. Unsere Talent-, Setup- und Relocation-Services decken verschiedene Branchen ab. Wir minimieren Risiken, indem wir vor dem Relocation-Prozess eine Remote-Work-Phase anbieten, um sicherzustellen, dass das Talent wirklich zu Ihrem Unternehmen passt. Dank unserer Erfahrung im Bereich Deutschunterricht und unserer kulturellen Expertise ist die sprachliche und kulturelle Vorbereitung der Talente ein wesentlicher Bestandteil unseres Relocation-Services.[\/vc_column_text][\/vc_column][vc_column width=&#8220;1\/2&#8243;][\/vc_column][\/vc_row][vc_row full_width=&#8220;stretch_row_content_no_spaces&#8220; el_class=&#8220;abouthalfimage&#8220;][vc_column][vc_single_image [&hellip;]<\/p>\n","protected":false},"author":1,"featured_media":0,"parent":0,"menu_order":0,"comment_status":"closed","ping_status":"closed","template":"notitle.php","meta":{"content-type":"","footnotes":""},"class_list":["post-2698","page","type-page","status-publish","hentry"],"yoast_head":"<!-- This site is optimized with the Yoast SEO plugin v26.4 - https:\/\/yoast.com\/wordpress\/plugins\/seo\/ -->\n<title>\u00dcber uns - K-TALENT: Holistic Remote Working Solutions<\/title>\n<meta name=\"robots\" content=\"index, follow, max-snippet:-1, max-image-preview:large, max-video-preview:-1\" \/>\n<link rel=\"canonical\" href=\"https:\/\/kombatalent.com\/de\/ueber-uns\/\" \/>\n<meta property=\"og:locale\" content=\"de_DE\" \/>\n<meta property=\"og:type\" content=\"article\" \/>\n<meta property=\"og:title\" content=\"\u00dcber uns - K-TALENT: Holistic Remote Working Solutions\" \/>\n<meta property=\"og:description\" content=\"[vc_row el_class=&#8220;abouthead&#8220;][vc_column width=&#8220;1\/2&#8243;][vc_custom_heading text=&#8220;\u00dcber uns&#8220; font_container=&#8220;tag:div|text_align:left&#8220; use_theme_fonts=&#8220;yes&#8220; css=&#8220;&#8220; el_class=&#8220;servicetitlespan aboutspantop&#8220;][vc_custom_heading text=&#8220;KOMBA: Globale Pr\u00e4senz und lokales Know-how&#8220; font_container=&#8220;tag:h1|text_align:left&#8220; use_theme_fonts=&#8220;yes&#8220; css=&#8220;&#8220; el_class=&#8220;servicetitle&#8220;][vc_column_text css=&#8220;&#8220;]KOMBA ist darauf spezialisiert, umfassende, wertsch\u00f6pfende L\u00f6sungen in den Bereichen Talentakquise, Talentmanagement, Setup, Remote-Arbeit und Relocation f\u00fcr sowohl Start-ups als auch gro\u00dfe Unternehmen bereitzustellen. Unsere Talent-, Setup- und Relocation-Services decken verschiedene Branchen ab. Wir minimieren Risiken, indem wir vor dem Relocation-Prozess eine Remote-Work-Phase anbieten, um sicherzustellen, dass das Talent wirklich zu Ihrem Unternehmen passt. Dank unserer Erfahrung im Bereich Deutschunterricht und unserer kulturellen Expertise ist die sprachliche und kulturelle Vorbereitung der Talente ein wesentlicher Bestandteil unseres Relocation-Services.[\/vc_column_text][\/vc_column][vc_column width=&#8220;1\/2&#8243;][\/vc_column][\/vc_row][vc_row full_width=&#8220;stretch_row_content_no_spaces&#8220; el_class=&#8220;abouthalfimage&#8220;][vc_column][vc_single_image [&hellip;]\" \/>\n<meta property=\"og:url\" content=\"https:\/\/kombatalent.com\/de\/ueber-uns\/\" \/>\n<meta property=\"og:site_name\" content=\"K-TALENT: Holistic Remote Working Solutions\" \/>\n<meta property=\"article:modified_time\" content=\"2026-02-04T10:44:12+00:00\" \/>\n<meta name=\"twitter:card\" content=\"summary_large_image\" \/>\n<meta name=\"twitter:label1\" content=\"Gesch\u00e4tzte Lesezeit\" \/>\n\t<meta name=\"twitter:data1\" content=\"5\u00a0Minuten\" \/>\n<script type=\"application\/ld+json\" class=\"yoast-schema-graph\">{\"@context\":\"https:\/\/schema.org\",\"@graph\":[{\"@type\":\"WebPage\",\"@id\":\"https:\/\/kombatalent.com\/de\/ueber-uns\/\",\"url\":\"https:\/\/kombatalent.com\/de\/ueber-uns\/\",\"name\":\"\u00dcber uns - K-TALENT: Holistic Remote Working Solutions\",\"isPartOf\":{\"@id\":\"https:\/\/kombatalent.com\/#website\"},\"datePublished\":\"2025-12-09T09:29:07+00:00\",\"dateModified\":\"2026-02-04T10:44:12+00:00\",\"breadcrumb\":{\"@id\":\"https:\/\/kombatalent.com\/de\/ueber-uns\/#breadcrumb\"},\"inLanguage\":\"de\",\"potentialAction\":[{\"@type\":\"ReadAction\",\"target\":[\"https:\/\/kombatalent.com\/de\/ueber-uns\/\"]}]},{\"@type\":\"BreadcrumbList\",\"@id\":\"https:\/\/kombatalent.com\/de\/ueber-uns\/#breadcrumb\",\"itemListElement\":[{\"@type\":\"ListItem\",\"position\":1,\"name\":\"Home\",\"item\":\"https:\/\/kombatalent.com\/de\/\"},{\"@type\":\"ListItem\",\"position\":2,\"name\":\"\u00dcber uns\"}]},{\"@type\":\"WebSite\",\"@id\":\"https:\/\/kombatalent.com\/#website\",\"url\":\"https:\/\/kombatalent.com\/\",\"name\":\"K-TALENT: Holistic Remote Working Solutions\",\"description\":\"\",\"potentialAction\":[{\"@type\":\"SearchAction\",\"target\":{\"@type\":\"EntryPoint\",\"urlTemplate\":\"https:\/\/kombatalent.com\/?s={search_term_string}\"},\"query-input\":{\"@type\":\"PropertyValueSpecification\",\"valueRequired\":true,\"valueName\":\"search_term_string\"}}],\"inLanguage\":\"de\"}]}<\/script>\n<!-- \/ Yoast SEO plugin. -->","yoast_head_json":{"title":"\u00dcber uns - K-TALENT: Holistic Remote Working Solutions","robots":{"index":"index","follow":"follow","max-snippet":"max-snippet:-1","max-image-preview":"max-image-preview:large","max-video-preview":"max-video-preview:-1"},"canonical":"https:\/\/kombatalent.com\/de\/ueber-uns\/","og_locale":"de_DE","og_type":"article","og_title":"\u00dcber uns - K-TALENT: Holistic Remote Working Solutions","og_description":"[vc_row el_class=&#8220;abouthead&#8220;][vc_column width=&#8220;1\/2&#8243;][vc_custom_heading text=&#8220;\u00dcber uns&#8220; font_container=&#8220;tag:div|text_align:left&#8220; use_theme_fonts=&#8220;yes&#8220; css=&#8220;&#8220; el_class=&#8220;servicetitlespan aboutspantop&#8220;][vc_custom_heading text=&#8220;KOMBA: Globale Pr\u00e4senz und lokales Know-how&#8220; font_container=&#8220;tag:h1|text_align:left&#8220; use_theme_fonts=&#8220;yes&#8220; css=&#8220;&#8220; el_class=&#8220;servicetitle&#8220;][vc_column_text css=&#8220;&#8220;]KOMBA ist darauf spezialisiert, umfassende, wertsch\u00f6pfende L\u00f6sungen in den Bereichen Talentakquise, Talentmanagement, Setup, Remote-Arbeit und Relocation f\u00fcr sowohl Start-ups als auch gro\u00dfe Unternehmen bereitzustellen. Unsere Talent-, Setup- und Relocation-Services decken verschiedene Branchen ab. Wir minimieren Risiken, indem wir vor dem Relocation-Prozess eine Remote-Work-Phase anbieten, um sicherzustellen, dass das Talent wirklich zu Ihrem Unternehmen passt. Dank unserer Erfahrung im Bereich Deutschunterricht und unserer kulturellen Expertise ist die sprachliche und kulturelle Vorbereitung der Talente ein wesentlicher Bestandteil unseres Relocation-Services.[\/vc_column_text][\/vc_column][vc_column width=&#8220;1\/2&#8243;][\/vc_column][\/vc_row][vc_row full_width=&#8220;stretch_row_content_no_spaces&#8220; el_class=&#8220;abouthalfimage&#8220;][vc_column][vc_single_image [&hellip;]","og_url":"https:\/\/kombatalent.com\/de\/ueber-uns\/","og_site_name":"K-TALENT: Holistic Remote Working Solutions","article_modified_time":"2026-02-04T10:44:12+00:00","twitter_card":"summary_large_image","twitter_misc":{"Gesch\u00e4tzte Lesezeit":"5\u00a0Minuten"},"schema":{"@context":"https:\/\/schema.org","@graph":[{"@type":"WebPage","@id":"https:\/\/kombatalent.com\/de\/ueber-uns\/","url":"https:\/\/kombatalent.com\/de\/ueber-uns\/","name":"\u00dcber uns - K-TALENT: Holistic Remote Working Solutions","isPartOf":{"@id":"https:\/\/kombatalent.com\/#website"},"datePublished":"2025-12-09T09:29:07+00:00","dateModified":"2026-02-04T10:44:12+00:00","breadcrumb":{"@id":"https:\/\/kombatalent.com\/de\/ueber-uns\/#breadcrumb"},"inLanguage":"de","potentialAction":[{"@type":"ReadAction","target":["https:\/\/kombatalent.com\/de\/ueber-uns\/"]}]},{"@type":"BreadcrumbList","@id":"https:\/\/kombatalent.com\/de\/ueber-uns\/#breadcrumb","itemListElement":[{"@type":"ListItem","position":1,"name":"Home","item":"https:\/\/kombatalent.com\/de\/"},{"@type":"ListItem","position":2,"name":"\u00dcber uns"}]},{"@type":"WebSite","@id":"https:\/\/kombatalent.com\/#website","url":"https:\/\/kombatalent.com\/","name":"K-TALENT: Holistic Remote Working Solutions","description":"","potentialAction":[{"@type":"SearchAction","target":{"@type":"EntryPoint","urlTemplate":"https:\/\/kombatalent.com\/?s={search_term_string}"},"query-input":{"@type":"PropertyValueSpecification","valueRequired":true,"valueName":"search_term_string"}}],"inLanguage":"de"}]}},"_links":{"self":[{"href":"https:\/\/kombatalent.com\/de\/wp-json\/wp\/v2\/pages\/2698","targetHints":{"allow":["GET"]}}],"collection":[{"href":"https:\/\/kombatalent.com\/de\/wp-json\/wp\/v2\/pages"}],"about":[{"href":"https:\/\/kombatalent.com\/de\/wp-json\/wp\/v2\/types\/page"}],"author":[{"embeddable":true,"href":"https:\/\/kombatalent.com\/de\/wp-json\/wp\/v2\/users\/1"}],"replies":[{"embeddable":true,"href":"https:\/\/kombatalent.com\/de\/wp-json\/wp\/v2\/comments?post=2698"}],"version-history":[{"count":33,"href":"https:\/\/kombatalent.com\/de\/wp-json\/wp\/v2\/pages\/2698\/revisions"}],"predecessor-version":[{"id":4101,"href":"https:\/\/kombatalent.com\/de\/wp-json\/wp\/v2\/pages\/2698\/revisions\/4101"}],"wp:attachment":[{"href":"https:\/\/kombatalent.com\/de\/wp-json\/wp\/v2\/media?parent=2698"}],"curies":[{"name":"wp","href":"https:\/\/api.w.org\/{rel}","templated":true}]}}