    {"id":2701,"date":"2023-01-10T00:13:41","date_gmt":"2023-01-09T21:13:41","guid":{"rendered":"https:\/\/kombatalent.com\/sik-sorulan-sorular\/"},"modified":"2023-01-10T00:13:41","modified_gmt":"2023-01-09T21:13:41","slug":"sik-sorulan-sorular","status":"publish","type":"page","link":"https:\/\/kombatalent.com\/de\/sik-sorulan-sorular\/","title":{"rendered":"S\u0131k Sorulan Sorular"},"content":{"rendered":"<div class=\"wpb-content-wrapper\"><p>[vc_row][vc_column][vc_tta_accordion][vc_tta_section title=&#8220;\u00dcr\u00fcnlerinizin garanti s\u00fcresi ne kadar?&#8220; tab_id=&#8220;1673298800531-05c0e873-c438&#8243;][vc_column_text]\u00dcr\u00fcnlerimiz 24 ay firma garantisi alt\u0131ndad\u0131r. Kullan\u0131c\u0131dan kaynakl\u0131 sorunlar garanti kapsam\u0131na girmez<\/p>\n<p>[\/vc_column_text][\/vc_tta_section][vc_tta_section title=&#8220;\u0130stanbul D\u0131\u015f\u0131na Hizmet Veriyor musunuz?&#8220; tab_id=&#8220;1673298800537-54e46d44-3b61&#8243;][vc_column_text]\u0130stanbul ve \u00e7evresi illere hizmetimiz mevcut. Daha uzak \u015fehirler i\u00e7in bizimle irtibata ge\u00e7meniz gerekiyor. G\u00f6r\u00fc\u015fme sonras\u0131 size g\u00f6nderece\u011fimiz teklife g\u00f6re de\u011ferlendirebilirsiniz.[\/vc_column_text][\/vc_tta_section][vc_tta_section title=&#8220;Sipari\u015fimin Kargo Durumunu ve Kargo Takibimi Nas\u0131l Yapabilirim?&#8220; tab_id=&#8220;1673298880024-d42034f0-61da&#8220;][vc_column_text]Sipari\u015finiz kargoya teslim edildi\u011finde \u00fcyelik e-posta ve \u00fcyeli\u011finizde kay\u0131tl\u0131 telefon numaran\u0131za SMS ile bilgi payla\u015f\u0131yoruz.[\/vc_column_text][\/vc_tta_section][vc_tta_section title=&#8220;\u00dcr\u00fcnlerinizin garanti s\u00fcresi ne kadar?&#8220; tab_id=&#8220;1673299086010-107a5b36-b960&#8243;][vc_column_text]\u00dcr\u00fcnlerimiz 24 ay firma garantisi alt\u0131ndad\u0131r. Kullan\u0131c\u0131dan kaynakl\u0131 sorunlar garanti kapsam\u0131na girmez<\/p>\n<p>[\/vc_column_text][\/vc_tta_section][vc_tta_section title=&#8220;\u0130stanbul D\u0131\u015f\u0131na Hizmet Veriyor musunuz?&#8220; tab_id=&#8220;1673299107289-df06602d-ffde&#8220;][vc_column_text]\u0130stanbul ve \u00e7evresi illere hizmetimiz mevcut. Daha uzak \u015fehirler i\u00e7in bizimle irtibata ge\u00e7meniz gerekiyor. G\u00f6r\u00fc\u015fme sonras\u0131 size g\u00f6nderece\u011fimiz teklife g\u00f6re de\u011ferlendirebilirsiniz.[\/vc_column_text][\/vc_tta_section][vc_tta_section title=&#8220;Sipari\u015fimin Kargo Durumunu ve Kargo Takibimi Nas\u0131l Yapabilirim?&#8220; tab_id=&#8220;1673299124900-20eb2f99-fc01&#8243;][vc_column_text]Sipari\u015finiz kargoya teslim edildi\u011finde \u00fcyelik e-posta ve \u00fcyeli\u011finizde kay\u0131tl\u0131 telefon numaran\u0131za SMS ile bilgi payla\u015f\u0131yoruz.<\/p>\n<p>[\/vc_column_text][\/vc_tta_section][\/vc_tta_accordion][\/vc_column][\/vc_row]<\/p>\n<\/div>","protected":false},"excerpt":{"rendered":"<p>[vc_row][vc_column][vc_tta_accordion][vc_tta_section title=&#8220;\u00dcr\u00fcnlerinizin garanti s\u00fcresi ne kadar?&#8220; tab_id=&#8220;1673298800531-05c0e873-c438&#8243;][vc_column_text]\u00dcr\u00fcnlerimiz 24 ay firma garantisi alt\u0131ndad\u0131r. Kullan\u0131c\u0131dan kaynakl\u0131 sorunlar garanti kapsam\u0131na girmez [\/vc_column_text][\/vc_tta_section][vc_tta_section title=&#8220;\u0130stanbul D\u0131\u015f\u0131na Hizmet Veriyor musunuz?&#8220; tab_id=&#8220;1673298800537-54e46d44-3b61&#8243;][vc_column_text]\u0130stanbul ve \u00e7evresi illere hizmetimiz mevcut. Daha uzak \u015fehirler i\u00e7in bizimle irtibata ge\u00e7meniz gerekiyor. G\u00f6r\u00fc\u015fme sonras\u0131 size g\u00f6nderece\u011fimiz teklife g\u00f6re de\u011ferlendirebilirsiniz.[\/vc_column_text][\/vc_tta_section][vc_tta_section title=&#8220;Sipari\u015fimin Kargo Durumunu ve Kargo Takibimi Nas\u0131l Yapabilirim?&#8220; tab_id=&#8220;1673298880024-d42034f0-61da&#8220;][vc_column_text]Sipari\u015finiz kargoya teslim edildi\u011finde \u00fcyelik e-posta ve \u00fcyeli\u011finizde kay\u0131tl\u0131 telefon numaran\u0131za SMS ile bilgi payla\u015f\u0131yoruz.[\/vc_column_text][\/vc_tta_section][vc_tta_section title=&#8220;\u00dcr\u00fcnlerinizin garanti s\u00fcresi ne kadar?&#8220; tab_id=&#8220;1673299086010-107a5b36-b960&#8243;][vc_column_text]\u00dcr\u00fcnlerimiz 24 ay firma garantisi alt\u0131ndad\u0131r. Kullan\u0131c\u0131dan kaynakl\u0131 sorunlar garanti kapsam\u0131na girmez [\/vc_column_text][\/vc_tta_section][vc_tta_section title=&#8220;\u0130stanbul D\u0131\u015f\u0131na Hizmet Veriyor musunuz?&#8220; tab_id=&#8220;1673299107289-df06602d-ffde&#8220;][vc_column_text]\u0130stanbul ve \u00e7evresi illere hizmetimiz mevcut. Daha uzak \u015fehirler [&hellip;]<\/p>\n","protected":false},"author":1,"featured_media":0,"parent":0,"menu_order":0,"comment_status":"closed","ping_status":"closed","template":"","meta":{"content-type":"","footnotes":""},"class_list":["post-2701","page","type-page","status-publish","hentry"],"yoast_head":"<!-- This site is optimized with the Yoast SEO plugin v26.4 - https:\/\/yoast.com\/wordpress\/plugins\/seo\/ -->\n<title>S\u0131k Sorulan Sorular - K-TALENT: Holistic Remote Working Solutions<\/title>\n<meta name=\"robots\" content=\"index, follow, max-snippet:-1, max-image-preview:large, max-video-preview:-1\" \/>\n<link rel=\"canonical\" href=\"https:\/\/kombatalent.com\/de\/sik-sorulan-sorular\/\" \/>\n<meta property=\"og:locale\" content=\"de_DE\" \/>\n<meta property=\"og:type\" content=\"article\" \/>\n<meta property=\"og:title\" content=\"S\u0131k Sorulan Sorular - K-TALENT: Holistic Remote Working Solutions\" \/>\n<meta property=\"og:description\" content=\"[vc_row][vc_column][vc_tta_accordion][vc_tta_section title=&#8220;\u00dcr\u00fcnlerinizin garanti s\u00fcresi ne kadar?&#8220; tab_id=&#8220;1673298800531-05c0e873-c438&#8243;][vc_column_text]\u00dcr\u00fcnlerimiz 24 ay firma garantisi alt\u0131ndad\u0131r. Kullan\u0131c\u0131dan kaynakl\u0131 sorunlar garanti kapsam\u0131na girmez [\/vc_column_text][\/vc_tta_section][vc_tta_section title=&#8220;\u0130stanbul D\u0131\u015f\u0131na Hizmet Veriyor musunuz?&#8220; tab_id=&#8220;1673298800537-54e46d44-3b61&#8243;][vc_column_text]\u0130stanbul ve \u00e7evresi illere hizmetimiz mevcut. Daha uzak \u015fehirler i\u00e7in bizimle irtibata ge\u00e7meniz gerekiyor. G\u00f6r\u00fc\u015fme sonras\u0131 size g\u00f6nderece\u011fimiz teklife g\u00f6re de\u011ferlendirebilirsiniz.[\/vc_column_text][\/vc_tta_section][vc_tta_section title=&#8220;Sipari\u015fimin Kargo Durumunu ve Kargo Takibimi Nas\u0131l Yapabilirim?&#8220; tab_id=&#8220;1673298880024-d42034f0-61da&#8220;][vc_column_text]Sipari\u015finiz kargoya teslim edildi\u011finde \u00fcyelik e-posta ve \u00fcyeli\u011finizde kay\u0131tl\u0131 telefon numaran\u0131za SMS ile bilgi payla\u015f\u0131yoruz.[\/vc_column_text][\/vc_tta_section][vc_tta_section title=&#8220;\u00dcr\u00fcnlerinizin garanti s\u00fcresi ne kadar?&#8220; tab_id=&#8220;1673299086010-107a5b36-b960&#8243;][vc_column_text]\u00dcr\u00fcnlerimiz 24 ay firma garantisi alt\u0131ndad\u0131r. Kullan\u0131c\u0131dan kaynakl\u0131 sorunlar garanti kapsam\u0131na girmez [\/vc_column_text][\/vc_tta_section][vc_tta_section title=&#8220;\u0130stanbul D\u0131\u015f\u0131na Hizmet Veriyor musunuz?&#8220; tab_id=&#8220;1673299107289-df06602d-ffde&#8220;][vc_column_text]\u0130stanbul ve \u00e7evresi illere hizmetimiz mevcut. Daha uzak \u015fehirler [&hellip;]\" \/>\n<meta property=\"og:url\" content=\"https:\/\/kombatalent.com\/de\/sik-sorulan-sorular\/\" \/>\n<meta property=\"og:site_name\" content=\"K-TALENT: Holistic Remote Working Solutions\" \/>\n<meta name=\"twitter:card\" content=\"summary_large_image\" \/>\n<meta name=\"twitter:label1\" content=\"Gesch\u00e4tzte Lesezeit\" \/>\n\t<meta name=\"twitter:data1\" content=\"2\u00a0Minuten\" \/>\n<script type=\"application\/ld+json\" class=\"yoast-schema-graph\">{\"@context\":\"https:\/\/schema.org\",\"@graph\":[{\"@type\":\"WebPage\",\"@id\":\"https:\/\/kombatalent.com\/de\/sik-sorulan-sorular\/\",\"url\":\"https:\/\/kombatalent.com\/de\/sik-sorulan-sorular\/\",\"name\":\"S\u0131k Sorulan Sorular - K-TALENT: Holistic Remote Working Solutions\",\"isPartOf\":{\"@id\":\"https:\/\/kombatalent.com\/#website\"},\"datePublished\":\"2023-01-09T21:13:41+00:00\",\"breadcrumb\":{\"@id\":\"https:\/\/kombatalent.com\/de\/sik-sorulan-sorular\/#breadcrumb\"},\"inLanguage\":\"de\",\"potentialAction\":[{\"@type\":\"ReadAction\",\"target\":[\"https:\/\/kombatalent.com\/de\/sik-sorulan-sorular\/\"]}]},{\"@type\":\"BreadcrumbList\",\"@id\":\"https:\/\/kombatalent.com\/de\/sik-sorulan-sorular\/#breadcrumb\",\"itemListElement\":[{\"@type\":\"ListItem\",\"position\":1,\"name\":\"Home\",\"item\":\"https:\/\/kombatalent.com\/de\/\"},{\"@type\":\"ListItem\",\"position\":2,\"name\":\"S\u0131k Sorulan Sorular\"}]},{\"@type\":\"WebSite\",\"@id\":\"https:\/\/kombatalent.com\/#website\",\"url\":\"https:\/\/kombatalent.com\/\",\"name\":\"K-TALENT: Holistic Remote Working Solutions\",\"description\":\"\",\"potentialAction\":[{\"@type\":\"SearchAction\",\"target\":{\"@type\":\"EntryPoint\",\"urlTemplate\":\"https:\/\/kombatalent.com\/?s={search_term_string}\"},\"query-input\":{\"@type\":\"PropertyValueSpecification\",\"valueRequired\":true,\"valueName\":\"search_term_string\"}}],\"inLanguage\":\"de\"}]}<\/script>\n<!-- \/ Yoast SEO plugin. -->","yoast_head_json":{"title":"S\u0131k Sorulan Sorular - K-TALENT: Holistic Remote Working Solutions","robots":{"index":"index","follow":"follow","max-snippet":"max-snippet:-1","max-image-preview":"max-image-preview:large","max-video-preview":"max-video-preview:-1"},"canonical":"https:\/\/kombatalent.com\/de\/sik-sorulan-sorular\/","og_locale":"de_DE","og_type":"article","og_title":"S\u0131k Sorulan Sorular - K-TALENT: Holistic Remote Working Solutions","og_description":"[vc_row][vc_column][vc_tta_accordion][vc_tta_section title=&#8220;\u00dcr\u00fcnlerinizin garanti s\u00fcresi ne kadar?&#8220; tab_id=&#8220;1673298800531-05c0e873-c438&#8243;][vc_column_text]\u00dcr\u00fcnlerimiz 24 ay firma garantisi alt\u0131ndad\u0131r. Kullan\u0131c\u0131dan kaynakl\u0131 sorunlar garanti kapsam\u0131na girmez [\/vc_column_text][\/vc_tta_section][vc_tta_section title=&#8220;\u0130stanbul D\u0131\u015f\u0131na Hizmet Veriyor musunuz?&#8220; tab_id=&#8220;1673298800537-54e46d44-3b61&#8243;][vc_column_text]\u0130stanbul ve \u00e7evresi illere hizmetimiz mevcut. Daha uzak \u015fehirler i\u00e7in bizimle irtibata ge\u00e7meniz gerekiyor. G\u00f6r\u00fc\u015fme sonras\u0131 size g\u00f6nderece\u011fimiz teklife g\u00f6re de\u011ferlendirebilirsiniz.[\/vc_column_text][\/vc_tta_section][vc_tta_section title=&#8220;Sipari\u015fimin Kargo Durumunu ve Kargo Takibimi Nas\u0131l Yapabilirim?&#8220; tab_id=&#8220;1673298880024-d42034f0-61da&#8220;][vc_column_text]Sipari\u015finiz kargoya teslim edildi\u011finde \u00fcyelik e-posta ve \u00fcyeli\u011finizde kay\u0131tl\u0131 telefon numaran\u0131za SMS ile bilgi payla\u015f\u0131yoruz.[\/vc_column_text][\/vc_tta_section][vc_tta_section title=&#8220;\u00dcr\u00fcnlerinizin garanti s\u00fcresi ne kadar?&#8220; tab_id=&#8220;1673299086010-107a5b36-b960&#8243;][vc_column_text]\u00dcr\u00fcnlerimiz 24 ay firma garantisi alt\u0131ndad\u0131r. Kullan\u0131c\u0131dan kaynakl\u0131 sorunlar garanti kapsam\u0131na girmez [\/vc_column_text][\/vc_tta_section][vc_tta_section title=&#8220;\u0130stanbul D\u0131\u015f\u0131na Hizmet Veriyor musunuz?&#8220; tab_id=&#8220;1673299107289-df06602d-ffde&#8220;][vc_column_text]\u0130stanbul ve \u00e7evresi illere hizmetimiz mevcut. Daha uzak \u015fehirler [&hellip;]","og_url":"https:\/\/kombatalent.com\/de\/sik-sorulan-sorular\/","og_site_name":"K-TALENT: Holistic Remote Working Solutions","twitter_card":"summary_large_image","twitter_misc":{"Gesch\u00e4tzte Lesezeit":"2\u00a0Minuten"},"schema":{"@context":"https:\/\/schema.org","@graph":[{"@type":"WebPage","@id":"https:\/\/kombatalent.com\/de\/sik-sorulan-sorular\/","url":"https:\/\/kombatalent.com\/de\/sik-sorulan-sorular\/","name":"S\u0131k Sorulan Sorular - K-TALENT: Holistic Remote Working Solutions","isPartOf":{"@id":"https:\/\/kombatalent.com\/#website"},"datePublished":"2023-01-09T21:13:41+00:00","breadcrumb":{"@id":"https:\/\/kombatalent.com\/de\/sik-sorulan-sorular\/#breadcrumb"},"inLanguage":"de","potentialAction":[{"@type":"ReadAction","target":["https:\/\/kombatalent.com\/de\/sik-sorulan-sorular\/"]}]},{"@type":"BreadcrumbList","@id":"https:\/\/kombatalent.com\/de\/sik-sorulan-sorular\/#breadcrumb","itemListElement":[{"@type":"ListItem","position":1,"name":"Home","item":"https:\/\/kombatalent.com\/de\/"},{"@type":"ListItem","position":2,"name":"S\u0131k Sorulan Sorular"}]},{"@type":"WebSite","@id":"https:\/\/kombatalent.com\/#website","url":"https:\/\/kombatalent.com\/","name":"K-TALENT: Holistic Remote Working Solutions","description":"","potentialAction":[{"@type":"SearchAction","target":{"@type":"EntryPoint","urlTemplate":"https:\/\/kombatalent.com\/?s={search_term_string}"},"query-input":{"@type":"PropertyValueSpecification","valueRequired":true,"valueName":"search_term_string"}}],"inLanguage":"de"}]}},"_links":{"self":[{"href":"https:\/\/kombatalent.com\/de\/wp-json\/wp\/v2\/pages\/2701","targetHints":{"allow":["GET"]}}],"collection":[{"href":"https:\/\/kombatalent.com\/de\/wp-json\/wp\/v2\/pages"}],"about":[{"href":"https:\/\/kombatalent.com\/de\/wp-json\/wp\/v2\/types\/page"}],"author":[{"embeddable":true,"href":"https:\/\/kombatalent.com\/de\/wp-json\/wp\/v2\/users\/1"}],"replies":[{"embeddable":true,"href":"https:\/\/kombatalent.com\/de\/wp-json\/wp\/v2\/comments?post=2701"}],"version-history":[{"count":0,"href":"https:\/\/kombatalent.com\/de\/wp-json\/wp\/v2\/pages\/2701\/revisions"}],"wp:attachment":[{"href":"https:\/\/kombatalent.com\/de\/wp-json\/wp\/v2\/media?parent=2701"}],"curies":[{"name":"wp","href":"https:\/\/api.w.org\/{rel}","templated":true}]}}