    {"id":3943,"date":"2025-12-10T18:04:01","date_gmt":"2025-12-10T15:04:01","guid":{"rendered":"https:\/\/kombatalent.com\/?page_id=3943"},"modified":"2025-12-15T14:07:24","modified_gmt":"2025-12-15T11:07:24","slug":"setup-loesungen","status":"publish","type":"page","link":"https:\/\/kombatalent.com\/de\/setup-loesungen\/","title":{"rendered":"Setup-L\u00f6sungen"},"content":{"rendered":"<div class=\"wpb-content-wrapper\"><p>[vc_row][vc_column][vc_custom_heading text=&#8220;Setup-L\u00f6sungen&#8220; font_container=&#8220;tag:h1|text_align:left&#8220; use_theme_fonts=&#8220;yes&#8220; css=&#8220;&#8220; el_class=&#8220;servicetitle&#8220;][\/vc_column][\/vc_row][vc_row css=&#8220;.vc_custom_1699205513092{margin-bottom: 80px !important;}&#8220;][vc_column width=&#8220;1\/2&#8243;][vc_column_text css=&#8220;&#8220;]Ein effizientes Setup ist entscheidend f\u00fcr die Aufrechterhaltung von Leistung, Komfort und Engagement. Unsere Setup-L\u00f6sungen bieten ma\u00dfgeschneiderte Arbeitsplatzoptionen und Equipment-Unterst\u00fctzung, ganz gleich, ob Sie ein Homeoffice-Setup, einen festen Arbeitsplatz in einem Shared Space oder ein vollst\u00e4ndig ausgestattetes B\u00fcro f\u00fcr Ihr Team ben\u00f6tigen.[\/vc_column_text][\/vc_column][vc_column width=&#8220;1\/2&#8243;][vc_column_text css=&#8220;&#8220;]<\/p>\n<article class=\"text-token-text-primary w-full focus:outline-none [--shadow-height:45px] has-data-writing-block:pointer-events-none has-data-writing-block:-mt-(--shadow-height) has-data-writing-block:pt-(--shadow-height) [&amp;:has([data-writing-block])&gt;*]:pointer-events-auto scroll-mt-[calc(var(--header-height)+min(200px,max(70px,20svh)))]\" dir=\"auto\" tabindex=\"-1\" data-turn-id=\"request-687e3495-7778-800f-95be-58c2b8aef722-24\" data-testid=\"conversation-turn-837\" data-scroll-anchor=\"true\" data-turn=\"assistant\">\n<div class=\"text-base my-auto mx-auto pb-10 [--thread-content-margin:--spacing(4)] @w-sm\/main:[--thread-content-margin:--spacing(6)] @w-lg\/main:[--thread-content-margin:--spacing(16)] px-(--thread-content-margin)\">\n<div class=\"[--thread-content-max-width:40rem] @w-lg\/main:[--thread-content-max-width:48rem] mx-auto max-w-(--thread-content-max-width) flex-1 group\/turn-messages focus-visible:outline-hidden relative flex w-full min-w-0 flex-col agent-turn\" tabindex=\"-1\">\n<div class=\"flex max-w-full flex-col grow\">\n<div class=\"min-h-8 text-message relative flex w-full flex-col items-end gap-2 text-start break-words whitespace-normal [.text-message+&amp;]:mt-1\" dir=\"auto\" data-message-author-role=\"assistant\" data-message-id=\"400bca1e-e07a-4e27-aa67-f308e2d8a468\" data-message-model-slug=\"gpt-5-2\">\n<div class=\"flex w-full flex-col gap-1 empty:hidden first:pt-[1px]\">\n<div class=\"markdown prose dark:prose-invert w-full break-words dark markdown-new-styling\">\n<p data-start=\"355\" data-end=\"606\" data-is-last-node=\"\" data-is-only-node=\"\">Unsere L\u00f6sungen sind auf Ihre operativen Anforderungen und die Erwartungen Ihrer Mitarbeitenden abgestimmt und helfen Ihnen, ein konsistentes, hochwertiges Arbeitserlebnis zu schaffen, das Produktivit\u00e4t und Wohlbefinden der Mitarbeitenden unterst\u00fctzt.<\/p>\n<\/div>\n<\/div>\n<\/div>\n<\/div>\n<\/div>\n<\/div>\n<\/article>\n<p>[\/vc_column_text][\/vc_column][\/vc_row][vc_section el_class=&#8220;stickyp&#8220;][vc_row full_width=&#8220;stretch_row_content_no_spaces&#8220;][vc_column]\r\n    <div class=\" mtb30\">\r\n    <div id=\"sabitDiv\" class=\"servicesmenu\">\r\n      <ul><li><a data-easing=\"easeInQuad\" href=\"#home\">Home-Office-Einrichtung<\/a><\/li><li><a href=\"#serviced\">Serviced-Office-Einrichtung<\/a><\/li>\r\n    <\/div>\r\n  <\/div>\r\n\r\n     \r\n    [\/vc_column][\/vc_row][\/vc_section][vc_row el_class=&#8220;servicessection&#8220; el_id=&#8220;home&#8220;][vc_column][vc_row_inner][vc_column_inner]\r\n    <div class=\"titleicon\">\r\n    <img decoding=\"async\" src=\"https:\/\/kombatalent.com\/wp-content\/themes\/kombatalent\/assets\/wplab\/images\/titleicon.svg\" alt=\"\">\r\n        <h2>Home-Office-Einrichtung<\/h2>\r\n       \r\n    <\/div>\r\n     \r\n    [\/vc_column_inner][\/vc_row_inner][vc_single_image image=&#8220;3663&#8243; img_size=&#8220;full&#8220; alignment=&#8220;center&#8220; css_animation=&#8220;slideInUp&#8220; css=&#8220;&#8220; el_class=&#8220;desktop-only&#8220;][vc_single_image image=&#8220;3690&#8243; img_size=&#8220;full&#8220; alignment=&#8220;center&#8220; css_animation=&#8220;none&#8220; css=&#8220;&#8220; el_class=&#8220;mobile-only&#8220;][vc_column_text css_animation=&#8220;none&#8220; css=&#8220;&#8220;]Entdecken Sie ein nahtloses Remote-Work-Erlebnis mit unseren umfassenden Services, die darauf ausgelegt sind, Produktivit\u00e4t und Komfort direkt im Home-Office Ihrer Mitarbeitenden zu steigern.[\/vc_column_text][vc_row_inner][vc_column_inner width=&#8220;1\/3&#8243;][vc_toggle title=&#8220;Ausr\u00fcstungsbereitstellung&#8220; style=&#8220;rounded&#8220; color=&#8220;sandy_brown&#8220; custom_font_container=&#8220;tag:h5|text_align:left|color:%23000000&#8243; custom_use_theme_fonts=&#8220;yes&#8220; css=&#8220;.vc_custom_1753969632856{margin-top: 10px !important;}&#8220; use_custom_heading=&#8220;true&#8220;]\u2022 Beseitigen Sie den Aufwand f\u00fcr den internationalen Einkauf und Versand von Ausr\u00fcstung.<br \/>\n\u2022 Liefern Sie hochwertige B\u00fcrom\u00f6bel, ergonomische St\u00fchle und moderne Technologie.<br \/>\n\u2022 Stellen Sie sicher, dass alle notwendigen Arbeitsmittel direkt an die Adresse Ihres Mitarbeitenden oder Auftragnehmers geliefert werden.<br \/>\n\u2022 Erm\u00f6glichen Sie einen schnellen Arbeitsplatzaufbau und minimieren Sie Verz\u00f6gerungen beim Arbeitsbeginn.[\/vc_toggle][\/vc_column_inner][vc_column_inner width=&#8220;1\/3&#8243;][vc_toggle title=&#8220;Zeitmanagement&#8220; style=&#8220;rounded&#8220; color=&#8220;sandy_brown&#8220; custom_font_container=&#8220;tag:h5|text_align:left|color:%23000000&#8243; custom_use_theme_fonts=&#8220;yes&#8220; css=&#8220;.vc_custom_1753969695107{margin-top: 10px !important;}&#8220; use_custom_heading=&#8220;true&#8220;]\u2022 Bieten Sie eine Reihe digitaler Werkzeuge, die Remote-Mitarbeitenden und Auftragnehmern helfen, organisiert zu bleiben.<br \/>\n\u2022 Erfassen Sie die Arbeitszeit genau und verwalten Sie die Produktivit\u00e4t effizient.<br \/>\n\u2022 Stellen Sie regelm\u00e4\u00dfige Berichte bereit, um Sie \u00fcber die Leistung des Remote-Teams zu informieren.[\/vc_toggle][\/vc_column_inner][vc_column_inner width=&#8220;1\/3&#8243;][vc_toggle title=&#8220;Technischer Support&#8220; style=&#8220;rounded&#8220; color=&#8220;sandy_brown&#8220; custom_font_container=&#8220;tag:h5|text_align:left|color:%23000000&#8243; custom_use_theme_fonts=&#8220;yes&#8220; css=&#8220;.vc_custom_1753970298101{margin-top: 10px !important;}&#8220; use_custom_heading=&#8220;true&#8220;]\u2022 Beschaffen Sie effiziente Laptops und Computer, die auf Ihre spezifischen Gesch\u00e4ftsanforderungen zugeschnitten sind.<br \/>\n\u2022 Unterst\u00fctzen Sie bei der Suche nach zuverl\u00e4ssigen Anbietern und der Koordination der Lieferung.<br \/>\n\u2022 Bieten Sie Lagerungsm\u00f6glichkeiten f\u00fcr nicht genutzte Ger\u00e4te in unserem B\u00fcro an.<br \/>\n\u2022 Unterst\u00fctzen Sie Mitarbeitende bei:<\/p>\n<p style=\"padding-left: 40px;\">o Einrichtung der Ger\u00e4te<br \/>\no Fehlerbehebung in Zusammenarbeit mit Ihrem IT-Team aus der Ferne<br \/>\no Erhalt zus\u00e4tzlicher technischer Unterst\u00fctzung bei Bedarf<\/p>\n<p>\u2022 Stellen Sie sicher, dass Ihr Team stets gut ausgestattet und einsatzbereit ist \u2013 mit minimalen Unterbrechungen.[\/vc_toggle][\/vc_column_inner][\/vc_row_inner][\/vc_column][\/vc_row][vc_row el_class=&#8220;servicessection&#8220; el_id=&#8220;serviced&#8220;][vc_column]\r\n    <div class=\"titleicon\">\r\n    <img decoding=\"async\" src=\"https:\/\/kombatalent.com\/wp-content\/themes\/kombatalent\/assets\/wplab\/images\/titleicon.svg\" alt=\"\">\r\n        <h2>Serviced-Office-Einrichtung<\/h2>\r\n       \r\n    <\/div>\r\n     \r\n    [vc_single_image image=&#8220;3666&#8243; img_size=&#8220;full&#8220; alignment=&#8220;center&#8220; css_animation=&#8220;slideInUp&#8220; css=&#8220;&#8220; el_class=&#8220;desktop-only&#8220;][vc_single_image image=&#8220;3693&#8243; img_size=&#8220;full&#8220; alignment=&#8220;center&#8220; css_animation=&#8220;none&#8220; css=&#8220;&#8220; el_class=&#8220;mobile-only&#8220;][vc_column_text css_animation=&#8220;none&#8220; css=&#8220;&#8220;]Falls Ihre Remote-Mitarbeitenden alternativ von einem B\u00fcro an ihrem Standort aus arbeiten sollen, unterst\u00fctzen wir Sie beim Einrichten Ihrer Remote-Arbeitspl\u00e4tze \u2013 sei es ein Schreibtisch in einem Gemeinschaftsb\u00fcro, ein Serviced Office, das Ihrem Team exklusiv zur Verf\u00fcgung steht, oder ein komplett individuell ausgestattetes B\u00fcro, das Ihren spezifischen Anforderungen und W\u00fcnschen entspricht.[\/vc_column_text][vc_row_inner][vc_column_inner width=&#8220;1\/5&#8243;][vc_toggle title=&#8220;Leicht erreichbare zentrale Standorte&#8220; style=&#8220;rounded&#8220; color=&#8220;sandy_brown&#8220; custom_font_container=&#8220;tag:h5|text_align:left|color:%23000000&#8243; custom_use_theme_fonts=&#8220;yes&#8220; css=&#8220;.vc_custom_1754313885964{margin-top: 10px !important;}&#8220; use_custom_heading=&#8220;true&#8220;]\u2022 Serviced Offices in zentralen, stark frequentierten Stadtgebieten arrangieren.<br \/>\n\u2022 Einen einfachen Zugang zu Verkehrsmitteln, Annehmlichkeiten und Gesch\u00e4ftsgemeinschaften sicherstellen.<br \/>\n\u2022 Von erstklassigen Standorten profitieren, die Kundentreffen, Veranstaltungen und Zusammenarbeit unterst\u00fctzen.<br \/>\n\u2022 Die Konnektivit\u00e4t und Sichtbarkeit maximieren durch B\u00fcros im Herzen des urbanen Lebens.[\/vc_toggle][\/vc_column_inner][vc_column_inner width=&#8220;1\/5&#8243;][vc_toggle title=&#8220;Ergonomische und moderne M\u00f6bel&#8220; style=&#8220;rounded&#8220; color=&#8220;sandy_brown&#8220; custom_font_container=&#8220;tag:h5|text_align:left|color:%23000000&#8243; custom_use_theme_fonts=&#8220;yes&#8220; css=&#8220;.vc_custom_1754313923026{margin-top: 10px !important;}&#8220; use_custom_heading=&#8220;true&#8220;]\u2022 Ergonomische, stilvolle und funktionale B\u00fcrom\u00f6bel bereitstellen.<br \/>\n\u2022 Unterst\u00fctzende St\u00fchle und h\u00f6henverstellbare Schreibtische einschlie\u00dfen, um Komfort und Haltung zu verbessern.<br \/>\n\u2022 Umgebungen schaffen, die Produktivit\u00e4t, Kreativit\u00e4t und das Wohlbefinden der Mitarbeitenden f\u00f6rdern.<br \/>\n\u2022 Moderne Designs integrieren, die zur zeitgem\u00e4\u00dfen B\u00fcro\u00e4sthetik passen.[\/vc_toggle][\/vc_column_inner][vc_column_inner width=&#8220;1\/5&#8243;][vc_toggle title=&#8220;Optionale IT-Setup-Services&#8220; style=&#8220;rounded&#8220; color=&#8220;sandy_brown&#8220; custom_font_container=&#8220;tag:h5|text_align:left|color:%23000000&#8243; custom_use_theme_fonts=&#8220;yes&#8220; css=&#8220;.vc_custom_1754314052240{margin-top: 10px !important;}&#8220; use_custom_heading=&#8220;true&#8220;]\u2022 Effiziente Laptops und Computer f\u00fcr B\u00fcro- oder Heimgebrauch beschaffen.<br \/>\n\u2022 Unterst\u00fctzung bei der Auswahl von Anbietern, Lieferung und Lagerung von Ger\u00e4ten bei Nichtgebrauch.<br \/>\n\u2022 Mitarbeitende bef\u00e4higen:<\/p>\n<p style=\"padding-left: 40px;\">o Ger\u00e4te mit ihrem eigenen IT-Team aus der Ferne einzurichten und Fehler zu beheben<br \/>\no Bei Bedarf technischen Support direkt von uns zu erhalten<\/p>\n<p>\u2022 Sicherstellen, dass Remote- und B\u00fcro-Mitarbeitende vollst\u00e4ndig ausgestattet und unterst\u00fctzt sind.[\/vc_toggle][\/vc_column_inner][vc_column_inner width=&#8220;1\/5&#8243;][vc_toggle title=&#8220;Zuverl\u00e4ssige und sichere Internetverbindung&#8220; style=&#8220;rounded&#8220; color=&#8220;sandy_brown&#8220; custom_font_container=&#8220;tag:h5|text_align:left|color:%23000000&#8243; custom_use_theme_fonts=&#8220;yes&#8220; css=&#8220;.vc_custom_1765531347286{margin-top: 10px !important;}&#8220; use_custom_heading=&#8220;true&#8220;]\u2022 Zusammenarbeit mit Serviced Offices, die sichere und schnelle WLAN-Verbindungen bieten.<br \/>\n\u2022 Gew\u00e4hrleistung nahtloser Konnektivit\u00e4t zur Unterst\u00fctzung von Kommunikation und Zusammenarbeit.<br \/>\n\u2022 Bereitstellung der Infrastruktur, die f\u00fcr unterbrechungsfreie und sichere Gesch\u00e4ftsabl\u00e4ufe unerl\u00e4sslich ist.[\/vc_toggle][\/vc_column_inner][vc_column_inner width=&#8220;1\/5&#8243;][vc_toggle title=&#8220;Positives Arbeitsumfeld&#8220; style=&#8220;rounded&#8220; color=&#8220;sandy_brown&#8220; custom_font_container=&#8220;tag:h5|text_align:left|color:%23000000&#8243; custom_use_theme_fonts=&#8220;yes&#8220; css=&#8220;.vc_custom_1754314315456{margin-top: 10px !important;}&#8220; use_custom_heading=&#8220;true&#8220;]\u2022 F\u00f6rderung des Wohlbefindens der Mitarbeitenden durch durchdacht gestaltete B\u00fcror\u00e4ume.<br \/>\n\u2022 Einbindung von Gemeinschaftsbereichen, die Interaktion unterst\u00fctzen, sowie privaten Zonen f\u00fcr konzentriertes Arbeiten.<br \/>\n\u2022 Ber\u00fccksichtigung verschiedener Arbeitsstile durch flexible Raumgestaltung.<br \/>\n\u2022 F\u00f6rderung einer Kultur der Inklusion, Kreativit\u00e4t und Zugeh\u00f6rigkeit.<br \/>\n\u2022 Schaffung eines Umfelds, in dem Mitarbeitende sowohl pers\u00f6nlich als auch beruflich aufbl\u00fchen k\u00f6nnen.[\/vc_toggle][\/vc_column_inner][\/vc_row_inner][\/vc_column][\/vc_row][vc_row][vc_column][vc_message message_box_color=&#8220;sandy_brown&#8220; css=&#8220;&#8220;]Unsere Einrichtungen bieten w\u00e4hrend der regul\u00e4ren Arbeitszeiten kostenlos Hei\u00dfgetr\u00e4nke, Besprechungsr\u00e4ume, regelm\u00e4\u00dfige Reinigungsdienste, Nebenkosten, 24\/7-Zugang zu den B\u00fcros sowie effizientes, schnelles und sicheres Internet.[\/vc_message][\/vc_column][\/vc_row]<\/p>\n<\/div>","protected":false},"excerpt":{"rendered":"<p>[vc_row][vc_column][vc_custom_heading text=&#8220;Setup-L\u00f6sungen&#8220; font_container=&#8220;tag:h1|text_align:left&#8220; use_theme_fonts=&#8220;yes&#8220; css=&#8220;&#8220; el_class=&#8220;servicetitle&#8220;][\/vc_column][\/vc_row][vc_row css=&#8220;.vc_custom_1699205513092{margin-bottom: 80px !important;}&#8220;][vc_column width=&#8220;1\/2&#8243;][vc_column_text css=&#8220;&#8220;]Ein effizientes Setup ist entscheidend f\u00fcr die Aufrechterhaltung von Leistung, Komfort und Engagement. Unsere Setup-L\u00f6sungen bieten ma\u00dfgeschneiderte Arbeitsplatzoptionen und Equipment-Unterst\u00fctzung, ganz gleich, ob Sie ein Homeoffice-Setup, einen festen Arbeitsplatz in einem Shared Space oder ein vollst\u00e4ndig ausgestattetes B\u00fcro f\u00fcr Ihr Team ben\u00f6tigen.[\/vc_column_text][\/vc_column][vc_column width=&#8220;1\/2&#8243;][vc_column_text css=&#8220;&#8220;] Unsere L\u00f6sungen sind auf Ihre operativen Anforderungen und die Erwartungen Ihrer Mitarbeitenden abgestimmt und helfen Ihnen, ein konsistentes, hochwertiges Arbeitserlebnis zu schaffen, das Produktivit\u00e4t und Wohlbefinden der Mitarbeitenden unterst\u00fctzt. [\/vc_column_text][\/vc_column][\/vc_row][vc_section el_class=&#8220;stickyp&#8220;][vc_row full_width=&#8220;stretch_row_content_no_spaces&#8220;][vc_column][\/vc_column][\/vc_row][\/vc_section][vc_row el_class=&#8220;servicessection&#8220; el_id=&#8220;home&#8220;][vc_column][vc_row_inner][vc_column_inner][\/vc_column_inner][\/vc_row_inner][vc_single_image image=&#8220;3663&#8243; img_size=&#8220;full&#8220; alignment=&#8220;center&#8220; css_animation=&#8220;slideInUp&#8220; css=&#8220;&#8220; el_class=&#8220;desktop-only&#8220;][vc_single_image image=&#8220;3690&#8243; img_size=&#8220;full&#8220; alignment=&#8220;center&#8220; css_animation=&#8220;none&#8220; css=&#8220;&#8220; el_class=&#8220;mobile-only&#8220;][vc_column_text [&hellip;]<\/p>\n","protected":false},"author":3,"featured_media":0,"parent":0,"menu_order":0,"comment_status":"closed","ping_status":"closed","template":"notitle.php","meta":{"content-type":"","footnotes":""},"class_list":["post-3943","page","type-page","status-publish","hentry"],"yoast_head":"<!-- This site is optimized with the Yoast SEO plugin v26.4 - https:\/\/yoast.com\/wordpress\/plugins\/seo\/ -->\n<title>Setup-L\u00f6sungen - K-TALENT: Holistic Remote Working Solutions<\/title>\n<meta name=\"robots\" content=\"index, follow, max-snippet:-1, max-image-preview:large, max-video-preview:-1\" \/>\n<link rel=\"canonical\" href=\"https:\/\/kombatalent.com\/de\/setup-loesungen\/\" \/>\n<meta property=\"og:locale\" content=\"de_DE\" \/>\n<meta property=\"og:type\" content=\"article\" \/>\n<meta property=\"og:title\" content=\"Setup-L\u00f6sungen - K-TALENT: Holistic Remote Working Solutions\" \/>\n<meta property=\"og:description\" content=\"[vc_row][vc_column][vc_custom_heading text=&#8220;Setup-L\u00f6sungen&#8220; font_container=&#8220;tag:h1|text_align:left&#8220; use_theme_fonts=&#8220;yes&#8220; css=&#8220;&#8220; el_class=&#8220;servicetitle&#8220;][\/vc_column][\/vc_row][vc_row css=&#8220;.vc_custom_1699205513092{margin-bottom: 80px !important;}&#8220;][vc_column width=&#8220;1\/2&#8243;][vc_column_text css=&#8220;&#8220;]Ein effizientes Setup ist entscheidend f\u00fcr die Aufrechterhaltung von Leistung, Komfort und Engagement. Unsere Setup-L\u00f6sungen bieten ma\u00dfgeschneiderte Arbeitsplatzoptionen und Equipment-Unterst\u00fctzung, ganz gleich, ob Sie ein Homeoffice-Setup, einen festen Arbeitsplatz in einem Shared Space oder ein vollst\u00e4ndig ausgestattetes B\u00fcro f\u00fcr Ihr Team ben\u00f6tigen.[\/vc_column_text][\/vc_column][vc_column width=&#8220;1\/2&#8243;][vc_column_text css=&#8220;&#8220;] Unsere L\u00f6sungen sind auf Ihre operativen Anforderungen und die Erwartungen Ihrer Mitarbeitenden abgestimmt und helfen Ihnen, ein konsistentes, hochwertiges Arbeitserlebnis zu schaffen, das Produktivit\u00e4t und Wohlbefinden der Mitarbeitenden unterst\u00fctzt. [\/vc_column_text][\/vc_column][\/vc_row][vc_section el_class=&#8220;stickyp&#8220;][vc_row full_width=&#8220;stretch_row_content_no_spaces&#8220;][vc_column][\/vc_column][\/vc_row][\/vc_section][vc_row el_class=&#8220;servicessection&#8220; el_id=&#8220;home&#8220;][vc_column][vc_row_inner][vc_column_inner][\/vc_column_inner][\/vc_row_inner][vc_single_image image=&#8220;3663&#8243; img_size=&#8220;full&#8220; alignment=&#8220;center&#8220; css_animation=&#8220;slideInUp&#8220; css=&#8220;&#8220; el_class=&#8220;desktop-only&#8220;][vc_single_image image=&#8220;3690&#8243; img_size=&#8220;full&#8220; alignment=&#8220;center&#8220; css_animation=&#8220;none&#8220; css=&#8220;&#8220; el_class=&#8220;mobile-only&#8220;][vc_column_text [&hellip;]\" \/>\n<meta property=\"og:url\" content=\"https:\/\/kombatalent.com\/de\/setup-loesungen\/\" \/>\n<meta property=\"og:site_name\" content=\"K-TALENT: Holistic Remote Working Solutions\" \/>\n<meta property=\"article:modified_time\" content=\"2025-12-15T11:07:24+00:00\" \/>\n<meta name=\"twitter:card\" content=\"summary_large_image\" \/>\n<meta name=\"twitter:label1\" content=\"Gesch\u00e4tzte Lesezeit\" \/>\n\t<meta name=\"twitter:data1\" content=\"4\u00a0Minuten\" \/>\n<script type=\"application\/ld+json\" class=\"yoast-schema-graph\">{\"@context\":\"https:\/\/schema.org\",\"@graph\":[{\"@type\":\"WebPage\",\"@id\":\"https:\/\/kombatalent.com\/de\/setup-loesungen\/\",\"url\":\"https:\/\/kombatalent.com\/de\/setup-loesungen\/\",\"name\":\"Setup-L\u00f6sungen - K-TALENT: Holistic Remote Working Solutions\",\"isPartOf\":{\"@id\":\"https:\/\/kombatalent.com\/#website\"},\"datePublished\":\"2025-12-10T15:04:01+00:00\",\"dateModified\":\"2025-12-15T11:07:24+00:00\",\"breadcrumb\":{\"@id\":\"https:\/\/kombatalent.com\/de\/setup-loesungen\/#breadcrumb\"},\"inLanguage\":\"de\",\"potentialAction\":[{\"@type\":\"ReadAction\",\"target\":[\"https:\/\/kombatalent.com\/de\/setup-loesungen\/\"]}]},{\"@type\":\"BreadcrumbList\",\"@id\":\"https:\/\/kombatalent.com\/de\/setup-loesungen\/#breadcrumb\",\"itemListElement\":[{\"@type\":\"ListItem\",\"position\":1,\"name\":\"Home\",\"item\":\"https:\/\/kombatalent.com\/de\/\"},{\"@type\":\"ListItem\",\"position\":2,\"name\":\"Setup-L\u00f6sungen\"}]},{\"@type\":\"WebSite\",\"@id\":\"https:\/\/kombatalent.com\/#website\",\"url\":\"https:\/\/kombatalent.com\/\",\"name\":\"K-TALENT: Holistic Remote Working Solutions\",\"description\":\"\",\"potentialAction\":[{\"@type\":\"SearchAction\",\"target\":{\"@type\":\"EntryPoint\",\"urlTemplate\":\"https:\/\/kombatalent.com\/?s={search_term_string}\"},\"query-input\":{\"@type\":\"PropertyValueSpecification\",\"valueRequired\":true,\"valueName\":\"search_term_string\"}}],\"inLanguage\":\"de\"}]}<\/script>\n<!-- \/ Yoast SEO plugin. -->","yoast_head_json":{"title":"Setup-L\u00f6sungen - K-TALENT: Holistic Remote Working Solutions","robots":{"index":"index","follow":"follow","max-snippet":"max-snippet:-1","max-image-preview":"max-image-preview:large","max-video-preview":"max-video-preview:-1"},"canonical":"https:\/\/kombatalent.com\/de\/setup-loesungen\/","og_locale":"de_DE","og_type":"article","og_title":"Setup-L\u00f6sungen - K-TALENT: Holistic Remote Working Solutions","og_description":"[vc_row][vc_column][vc_custom_heading text=&#8220;Setup-L\u00f6sungen&#8220; font_container=&#8220;tag:h1|text_align:left&#8220; use_theme_fonts=&#8220;yes&#8220; css=&#8220;&#8220; el_class=&#8220;servicetitle&#8220;][\/vc_column][\/vc_row][vc_row css=&#8220;.vc_custom_1699205513092{margin-bottom: 80px !important;}&#8220;][vc_column width=&#8220;1\/2&#8243;][vc_column_text css=&#8220;&#8220;]Ein effizientes Setup ist entscheidend f\u00fcr die Aufrechterhaltung von Leistung, Komfort und Engagement. Unsere Setup-L\u00f6sungen bieten ma\u00dfgeschneiderte Arbeitsplatzoptionen und Equipment-Unterst\u00fctzung, ganz gleich, ob Sie ein Homeoffice-Setup, einen festen Arbeitsplatz in einem Shared Space oder ein vollst\u00e4ndig ausgestattetes B\u00fcro f\u00fcr Ihr Team ben\u00f6tigen.[\/vc_column_text][\/vc_column][vc_column width=&#8220;1\/2&#8243;][vc_column_text css=&#8220;&#8220;] Unsere L\u00f6sungen sind auf Ihre operativen Anforderungen und die Erwartungen Ihrer Mitarbeitenden abgestimmt und helfen Ihnen, ein konsistentes, hochwertiges Arbeitserlebnis zu schaffen, das Produktivit\u00e4t und Wohlbefinden der Mitarbeitenden unterst\u00fctzt. [\/vc_column_text][\/vc_column][\/vc_row][vc_section el_class=&#8220;stickyp&#8220;][vc_row full_width=&#8220;stretch_row_content_no_spaces&#8220;][vc_column][\/vc_column][\/vc_row][\/vc_section][vc_row el_class=&#8220;servicessection&#8220; el_id=&#8220;home&#8220;][vc_column][vc_row_inner][vc_column_inner][\/vc_column_inner][\/vc_row_inner][vc_single_image image=&#8220;3663&#8243; img_size=&#8220;full&#8220; alignment=&#8220;center&#8220; css_animation=&#8220;slideInUp&#8220; css=&#8220;&#8220; el_class=&#8220;desktop-only&#8220;][vc_single_image image=&#8220;3690&#8243; img_size=&#8220;full&#8220; alignment=&#8220;center&#8220; css_animation=&#8220;none&#8220; css=&#8220;&#8220; el_class=&#8220;mobile-only&#8220;][vc_column_text [&hellip;]","og_url":"https:\/\/kombatalent.com\/de\/setup-loesungen\/","og_site_name":"K-TALENT: Holistic Remote Working Solutions","article_modified_time":"2025-12-15T11:07:24+00:00","twitter_card":"summary_large_image","twitter_misc":{"Gesch\u00e4tzte Lesezeit":"4\u00a0Minuten"},"schema":{"@context":"https:\/\/schema.org","@graph":[{"@type":"WebPage","@id":"https:\/\/kombatalent.com\/de\/setup-loesungen\/","url":"https:\/\/kombatalent.com\/de\/setup-loesungen\/","name":"Setup-L\u00f6sungen - K-TALENT: Holistic Remote Working Solutions","isPartOf":{"@id":"https:\/\/kombatalent.com\/#website"},"datePublished":"2025-12-10T15:04:01+00:00","dateModified":"2025-12-15T11:07:24+00:00","breadcrumb":{"@id":"https:\/\/kombatalent.com\/de\/setup-loesungen\/#breadcrumb"},"inLanguage":"de","potentialAction":[{"@type":"ReadAction","target":["https:\/\/kombatalent.com\/de\/setup-loesungen\/"]}]},{"@type":"BreadcrumbList","@id":"https:\/\/kombatalent.com\/de\/setup-loesungen\/#breadcrumb","itemListElement":[{"@type":"ListItem","position":1,"name":"Home","item":"https:\/\/kombatalent.com\/de\/"},{"@type":"ListItem","position":2,"name":"Setup-L\u00f6sungen"}]},{"@type":"WebSite","@id":"https:\/\/kombatalent.com\/#website","url":"https:\/\/kombatalent.com\/","name":"K-TALENT: Holistic Remote Working Solutions","description":"","potentialAction":[{"@type":"SearchAction","target":{"@type":"EntryPoint","urlTemplate":"https:\/\/kombatalent.com\/?s={search_term_string}"},"query-input":{"@type":"PropertyValueSpecification","valueRequired":true,"valueName":"search_term_string"}}],"inLanguage":"de"}]}},"_links":{"self":[{"href":"https:\/\/kombatalent.com\/de\/wp-json\/wp\/v2\/pages\/3943","targetHints":{"allow":["GET"]}}],"collection":[{"href":"https:\/\/kombatalent.com\/de\/wp-json\/wp\/v2\/pages"}],"about":[{"href":"https:\/\/kombatalent.com\/de\/wp-json\/wp\/v2\/types\/page"}],"author":[{"embeddable":true,"href":"https:\/\/kombatalent.com\/de\/wp-json\/wp\/v2\/users\/3"}],"replies":[{"embeddable":true,"href":"https:\/\/kombatalent.com\/de\/wp-json\/wp\/v2\/comments?post=3943"}],"version-history":[{"count":3,"href":"https:\/\/kombatalent.com\/de\/wp-json\/wp\/v2\/pages\/3943\/revisions"}],"predecessor-version":[{"id":4013,"href":"https:\/\/kombatalent.com\/de\/wp-json\/wp\/v2\/pages\/3943\/revisions\/4013"}],"wp:attachment":[{"href":"https:\/\/kombatalent.com\/de\/wp-json\/wp\/v2\/media?parent=3943"}],"curies":[{"name":"wp","href":"https:\/\/api.w.org\/{rel}","templated":true}]}}